{"id":316,"date":"2016-06-22T03:49:44","date_gmt":"2016-06-22T03:49:44","guid":{"rendered":"http:\/\/demo.thememodern.com\/finance\/?page_id=316"},"modified":"2023-07-25T12:59:50","modified_gmt":"2023-07-25T10:59:50","slug":"oferta","status":"publish","type":"page","link":"https:\/\/www.chemicartf.pl\/index.php\/oferta\/","title":{"rendered":"Oferta"},"content":{"rendered":"<section class=\"wpb-content-wrapper\"><p>[vc_row][vc_column width=&#8221;1\/2&#8243;][vc_column_text css_animation=&#8221;fadeInLeft&#8221;]<\/p>\n<p style=\"text-align: justify;\">Specjalizujemy si\u0119 w sprzeda\u017cy preparat\u00f3w do myjni samoobs\u0142ugowych, r\u0119cznych, automatycznych oraz preparat\u00f3w dla detailingu aut. Jeste\u015bmy liderem w bran\u017cy i zapewniamy naszym klientom szeroki wyb\u00f3r wysokiej jako\u015bci produkt\u00f3w oraz kompleksow\u0105 obs\u0142ug\u0119.<\/p>\n<p style=\"text-align: justify;\"><strong>Myjnie samoobs\u0142ugowe:<\/strong> dostarczamy skoncentrowane \u015brodki myj\u0105ce, piany czyszcz\u0105ce, woski i odplamiacze. Nasze produkty s\u0105 zaprojektowane tak, aby zapewni\u0107 maksymaln\u0105 wydajno\u015b\u0107 i skuteczno\u015b\u0107, przy minimalnym zu\u017cyciu preparatu. W ten spos\u00f3b, nasi klienci mog\u0105 osi\u0105gn\u0105\u0107 doskona\u0142e rezultaty, jednocze\u015bnie minimalizuj\u0105c koszty.<\/p>\n<p style=\"text-align: justify;\"><strong>Myjnie r\u0119czne:<\/strong> oferujemy szerok\u0105 gam\u0119 \u015brodk\u00f3w myj\u0105cych, szampon\u00f3w, wosk\u00f3w, a tak\u017ce specjalistycznych preparat\u00f3w do usuwania smo\u0142y, owad\u00f3w i innych trudnych zabrudze\u0144. Nasze produkty s\u0105 \u0142atwe w u\u017cyciu, zapewniaj\u0105c intensywn\u0105 czysto\u015b\u0107 i d\u0142ugotrwa\u0142\u0105 ochron\u0119 powierzchni. Zaufanie naszych klient\u00f3w oraz ich zadowolenie jest dla nas najwa\u017cniejsze, dlatego dbamy o to, aby nasze preparaty by\u0142y skuteczne, bezpieczne dla powierzchni pojazd\u00f3w oraz \u0142atwe w aplikacji.<\/p>\n<p>[\/vc_column_text][\/vc_column][vc_column width=&#8221;1\/2&#8243;][vc_single_image image=&#8221;891&#8243; img_size=&#8221;full&#8221; css_animation=&#8221;fadeInRight&#8221;][\/vc_column][\/vc_row][vc_row][vc_column width=&#8221;1\/2&#8243;][vc_single_image image=&#8221;894&#8243; img_size=&#8221;full&#8221; css_animation=&#8221;fadeInLeft&#8221;][\/vc_column][vc_column width=&#8221;1\/2&#8243;][vc_column_text css_animation=&#8221;fadeInRight&#8221;]<\/p>\n<p style=\"text-align: justify;\"><strong>Myjnie automatyczne:<\/strong> dostarczamy wysokiej jako\u015bci \u015brodki myj\u0105ce, woski, odplamiacze, a tak\u017ce preparaty do suszenia. Preparaty s\u0105 opracowane specjalnie do zastosowa\u0144 w tego typu myjniach, zapewniaj\u0105c szybkie i efektywne czyszczenie pojazd\u00f3w. Gwarantujemy, \u017ce samochody wyje\u017cd\u017caj\u0105ce z myjni automatycznych b\u0119d\u0105 ol\u015bniewaj\u0105co czyste i b\u0142yszcz\u0105ce.<\/p>\n<p style=\"text-align: justify;\"><strong>Dla entuzjast\u00f3w i studio detailingu: <\/strong>oferujemy szeroki asortyment preparat\u00f3w do detailingu aut. Nasze produkty obejmuj\u0105 \u015brodki do polerowania, pow\u0142oki ochronne, od\u015bwie\u017cacze wn\u0119trza i wiele innych specjalistycznych rozwi\u0105za\u0144. Dzi\u0119ki nim, mo\u017cliwe jest osi\u0105gni\u0119cie perfekcyjnego wygl\u0105du i wyko\u0144czenia.<\/p>\n<p style=\"text-align: justify;\"><strong>Dla bran\u017cy spo\u017cywczej:<\/strong> dostarczamy certyfikowane preparaty myj\u0105ce i dezynfekuj\u0105ce, kt\u00f3re wspomagaj\u0105ce proces produkcji, magazynowania i transportu.<\/p>\n<p style=\"text-align: justify;\">Oferujemy sprzeda\u017c wysykow\u0105 i dostawy bezpo\u015brednie, ale tak\u017ce zapewniamy konkurencyjne ceny, szybk\u0105 dostaw\u0119 oraz profesjonalne doradztwo. Nasz zesp\u00f3\u0142 ekspert\u00f3w jest gotowy pom\u00f3c Ci w doborze odpowiednich produkt\u00f3w i udzieli\u0107 wszelkich niezb\u0119dnych informacji.<\/p>\n<p>[\/vc_column_text][\/vc_column][\/vc_row][vc_row][vc_column][vc_column_text]<\/p>\n<p style=\"text-align: center;\"><strong>Skontaktuj si\u0119 z nami ju\u017c dzi\u015b, aby uzyska\u0107 wi\u0119cej informacji i rozpocz\u0105\u0107 owocn\u0105 wsp\u00f3\u0142prac\u0119.<\/strong><\/p>\n<p>[\/vc_column_text][vc_btn title=&#8221;Kontakt&#8221; color=&#8221;blue&#8221; align=&#8221;center&#8221; css_animation=&#8221;fadeInUp&#8221; button_block=&#8221;true&#8221; link=&#8221;url:https%3A%2F%2Fwww.chemicartf.pl%2Findex.php%2Fcontact%2F|title:Kontakt&#8221;][\/vc_column][\/vc_row]<\/p>\n<\/section>","protected":false},"excerpt":{"rendered":"<p>[vc_row][vc_column width=&#8221;1\/2&#8243;][vc_column_text css_animation=&#8221;fadeInLeft&#8221;] Specjalizujemy si\u0119 w sprzeda\u017cy preparat\u00f3w do myjni samoobs\u0142ugowych, r\u0119cznych, automatycznych oraz preparat\u00f3w dla detailingu aut. Jeste\u015bmy liderem w bran\u017cy i zapewniamy naszym klientom szeroki wyb\u00f3r wysokiej jako\u015bci produkt\u00f3w oraz kompleksow\u0105 obs\u0142ug\u0119. Myjnie samoobs\u0142ugowe: dostarczamy skoncentrowane \u015brodki myj\u0105ce, piany czyszcz\u0105ce, woski i odplamiacze. Nasze produkty s\u0105 zaprojektowane tak, aby zapewni\u0107 maksymaln\u0105 wydajno\u015b\u0107 i [&hellip;]<\/p>\n","protected":false},"author":1,"featured_media":0,"parent":0,"menu_order":0,"comment_status":"closed","ping_status":"closed","template":"page-templates\/template-fullwidth.php","meta":{"footnotes":""},"class_list":["post-316","page","type-page","status-publish","hentry"],"_links":{"self":[{"href":"https:\/\/www.chemicartf.pl\/index.php\/wp-json\/wp\/v2\/pages\/316","targetHints":{"allow":["GET"]}}],"collection":[{"href":"https:\/\/www.chemicartf.pl\/index.php\/wp-json\/wp\/v2\/pages"}],"about":[{"href":"https:\/\/www.chemicartf.pl\/index.php\/wp-json\/wp\/v2\/types\/page"}],"author":[{"embeddable":true,"href":"https:\/\/www.chemicartf.pl\/index.php\/wp-json\/wp\/v2\/users\/1"}],"replies":[{"embeddable":true,"href":"https:\/\/www.chemicartf.pl\/index.php\/wp-json\/wp\/v2\/comments?post=316"}],"version-history":[{"count":3,"href":"https:\/\/www.chemicartf.pl\/index.php\/wp-json\/wp\/v2\/pages\/316\/revisions"}],"predecessor-version":[{"id":918,"href":"https:\/\/www.chemicartf.pl\/index.php\/wp-json\/wp\/v2\/pages\/316\/revisions\/918"}],"wp:attachment":[{"href":"https:\/\/www.chemicartf.pl\/index.php\/wp-json\/wp\/v2\/media?parent=316"}],"curies":[{"name":"wp","href":"https:\/\/api.w.org\/{rel}","templated":true}]}}