{"id":46,"date":"2016-06-17T07:45:52","date_gmt":"2016-06-17T07:45:52","guid":{"rendered":"http:\/\/demo.thememodern.com\/finance\/?page_id=46"},"modified":"2023-07-25T13:01:31","modified_gmt":"2023-07-25T11:01:31","slug":"home-1","status":"publish","type":"page","link":"https:\/\/www.chemicartf.pl\/","title":{"rendered":"Start"},"content":{"rendered":"<section class=\"wpb-content-wrapper\"><p>[vc_row fullwidth=&#8221;yes&#8221; css=&#8221;.vc_custom_1482308512272{padding-top: 0px !important;padding-bottom: 0px !important;}&#8221;][vc_column]\n\t\t\t<!-- START slider 1 REVOLUTION SLIDER 6.6.11 --><p class=\"rs-p-wp-fix\"><\/p>\n\t\t\t<rs-module-wrap id=\"rev_slider_1_1_wrapper\" data-source=\"gallery\" style=\"visibility:hidden;background:transparent;padding:0;\">\n\t\t\t\t<rs-module id=\"rev_slider_1_1\" style=\"\" data-version=\"6.6.11\">\n\t\t\t\t\t<rs-slides style=\"overflow: hidden; position: absolute;\">\n\t\t\t\t\t\t<rs-slide style=\"position: absolute;\" data-key=\"rs-3\" data-title=\"Slide\" data-thumb=\"\/\/www.chemicartf.pl\/wp-content\/uploads\/2023\/07\/close-up-man-applying-ceramic-coating-on-the-red-c-2021-08-30-17-16-58-utc-100x50.jpg\" data-in=\"o:0;\" data-out=\"a:false;\">\n\t\t\t\t\t\t\t<img decoding=\"async\" src=\"\/\/www.chemicartf.pl\/wp-content\/plugins\/revslider\/public\/assets\/assets\/dummy.png\" alt=\"\" title=\"Close-up man applying ceramic coating on the red car at detailing service.\" width=\"8256\" height=\"5504\" class=\"rev-slidebg tp-rs-img rs-lazyload\" data-lazyload=\"\/\/www.chemicartf.pl\/wp-content\/uploads\/2023\/07\/close-up-man-applying-ceramic-coating-on-the-red-c-2021-08-30-17-16-58-utc.jpg\" data-no-retina>\n<!--\n\t\t\t\t\t\t\t--><rs-layer\n\t\t\t\t\t\t\t\tid=\"slider-1-slide-3-layer-2\" \n\t\t\t\t\t\t\t\tdata-type=\"text\"\n\t\t\t\t\t\t\t\tdata-rsp_ch=\"on\"\n\t\t\t\t\t\t\t\tdata-xy=\"x:c;y:m;\"\n\t\t\t\t\t\t\t\tdata-text=\"s:50,50,50,32;fw:900;\"\n\t\t\t\t\t\t\t\tdata-frame_0=\"x:50px;\"\n\t\t\t\t\t\t\t\tdata-frame_1=\"e:easeInOutCubic;st:1400;sp:400;\"\n\t\t\t\t\t\t\t\tdata-frame_999=\"x:50px;o:0;e:easeInOutCubic;st:w;\"\n\t\t\t\t\t\t\t\tstyle=\"z-index:6;font-family:'Lato', 'sans-serif';\"\n\t\t\t\t\t\t\t>Chemia dla Twojego auta \n\t\t\t\t\t\t\t<\/rs-layer><!--\n-->\t\t\t\t\t\t<\/rs-slide>\n\t\t\t\t\t\t<rs-slide style=\"position: absolute;\" data-key=\"rs-20\" data-title=\"Slide\" data-thumb=\"\/\/www.chemicartf.pl\/wp-content\/uploads\/2023\/07\/car-detailing-concept-2022-01-06-05-51-03-utc-scaled-100x50.jpg\" data-in=\"o:0;\" data-out=\"a:false;\">\n\t\t\t\t\t\t\t<img decoding=\"async\" src=\"\/\/www.chemicartf.pl\/wp-content\/plugins\/revslider\/public\/assets\/assets\/dummy.png\" alt=\"\" title=\"Car detailing concept. Man in face mask with orbital polisher in\" width=\"2560\" height=\"1703\" class=\"rev-slidebg tp-rs-img rs-lazyload\" data-lazyload=\"\/\/www.chemicartf.pl\/wp-content\/uploads\/2023\/07\/car-detailing-concept-2022-01-06-05-51-03-utc-scaled.jpg\" data-no-retina>\n<!--\n\t\t\t\t\t\t\t--><rs-layer\n\t\t\t\t\t\t\t\tid=\"slider-1-slide-20-layer-2\" \n\t\t\t\t\t\t\t\tdata-type=\"text\"\n\t\t\t\t\t\t\t\tdata-rsp_ch=\"on\"\n\t\t\t\t\t\t\t\tdata-xy=\"x:c;y:m;\"\n\t\t\t\t\t\t\t\tdata-text=\"s:50,50,50,32;l:50;fw:900;\"\n\t\t\t\t\t\t\t\tdata-frame_0=\"x:50px;\"\n\t\t\t\t\t\t\t\tdata-frame_1=\"e:easeInOutCubic;st:1400;sp:400;\"\n\t\t\t\t\t\t\t\tdata-frame_999=\"x:50px;o:0;e:easeInOutCubic;st:w;\"\n\t\t\t\t\t\t\t\tstyle=\"z-index:6;font-family:'Lato', 'sans-serif';\"\n\t\t\t\t\t\t\t>Chemia dla Twojego studia<br>Detailingowego \n\t\t\t\t\t\t\t<\/rs-layer><!--\n-->\t\t\t\t\t\t<\/rs-slide>\n\t\t\t\t\t\t<rs-slide style=\"position: absolute;\" data-key=\"rs-21\" data-title=\"Slide\" data-thumb=\"\/\/www.chemicartf.pl\/wp-content\/uploads\/2023\/07\/beautiful-red-car-washing-2021-09-01-01-17-23-utc-scaled-100x50.jpg\" data-in=\"o:0;\" data-out=\"a:false;\">\n\t\t\t\t\t\t\t<img decoding=\"async\" src=\"\/\/www.chemicartf.pl\/wp-content\/plugins\/revslider\/public\/assets\/assets\/dummy.png\" alt=\"\" title=\"Beautiful red car washing\" width=\"2560\" height=\"1707\" class=\"rev-slidebg tp-rs-img rs-lazyload\" data-lazyload=\"\/\/www.chemicartf.pl\/wp-content\/uploads\/2023\/07\/beautiful-red-car-washing-2021-09-01-01-17-23-utc-scaled.jpg\" data-no-retina>\n<!--\n\t\t\t\t\t\t\t--><rs-layer\n\t\t\t\t\t\t\t\tid=\"slider-1-slide-21-layer-2\" \n\t\t\t\t\t\t\t\tdata-type=\"text\"\n\t\t\t\t\t\t\t\tdata-rsp_ch=\"on\"\n\t\t\t\t\t\t\t\tdata-xy=\"x:c;y:m;\"\n\t\t\t\t\t\t\t\tdata-text=\"s:50,50,50,32;l:50;fw:900;\"\n\t\t\t\t\t\t\t\tdata-frame_0=\"x:50px;\"\n\t\t\t\t\t\t\t\tdata-frame_1=\"e:easeInOutCubic;st:1400;sp:400;\"\n\t\t\t\t\t\t\t\tdata-frame_999=\"x:50px;o:0;e:easeInOutCubic;st:w;\"\n\t\t\t\t\t\t\t\tstyle=\"z-index:6;font-family:'Lato', 'sans-serif';\"\n\t\t\t\t\t\t\t>Chemia dla Twojej Myjni \n\t\t\t\t\t\t\t<\/rs-layer><!--\n-->\t\t\t\t\t\t<\/rs-slide>\n\t\t\t\t\t\t<rs-slide style=\"position: absolute;\" data-key=\"rs-22\" data-title=\"Slide\" data-thumb=\"\/\/www.chemicartf.pl\/wp-content\/uploads\/2023\/09\/browar-100x50.jpg\" data-in=\"o:0;\" data-out=\"a:false;\">\n\t\t\t\t\t\t\t<img decoding=\"async\" src=\"\/\/www.chemicartf.pl\/wp-content\/plugins\/revslider\/public\/assets\/assets\/dummy.png\" alt=\"\" title=\"Brewery expert inspecting beer, holding glass.\" width=\"2200\" height=\"1467\" class=\"rev-slidebg tp-rs-img rs-lazyload\" data-lazyload=\"\/\/www.chemicartf.pl\/wp-content\/uploads\/2023\/09\/browar.jpg\" data-no-retina>\n<!--\n\t\t\t\t\t\t\t--><rs-layer\n\t\t\t\t\t\t\t\tid=\"slider-1-slide-22-layer-2\" \n\t\t\t\t\t\t\t\tdata-type=\"text\"\n\t\t\t\t\t\t\t\tdata-rsp_ch=\"on\"\n\t\t\t\t\t\t\t\tdata-xy=\"x:c;y:m;\"\n\t\t\t\t\t\t\t\tdata-text=\"s:50,50,50,32;l:50;fw:900;\"\n\t\t\t\t\t\t\t\tdata-frame_0=\"x:50px;\"\n\t\t\t\t\t\t\t\tdata-frame_1=\"e:easeInOutCubic;st:1400;sp:400;\"\n\t\t\t\t\t\t\t\tdata-frame_999=\"x:50px;o:0;e:easeInOutCubic;st:w;\"\n\t\t\t\t\t\t\t\tstyle=\"z-index:6;font-family:'Lato', 'sans-serif';\"\n\t\t\t\t\t\t\t>Chemia dla przemys\u0142u<br> spo\u017cywczego \n\t\t\t\t\t\t\t<\/rs-layer><!--\n-->\t\t\t\t\t\t<\/rs-slide>\n\t\t\t\t\t<\/rs-slides>\n\t\t\t\t<\/rs-module>\n\t\t\t\t<script>\n\t\t\t\t\tsetREVStartSize({c: 'rev_slider_1_1',rl:[1240,1240,1240,480],el:[720,720,720,720],gw:[1170,1170,1170,480],gh:[720,720,720,620],type:'standard',justify:'',layout:'fullscreen',offsetContainer:'',offset:'',mh:\"0\"});if (window.RS_MODULES!==undefined && window.RS_MODULES.modules!==undefined && window.RS_MODULES.modules[\"revslider11\"]!==undefined) {window.RS_MODULES.modules[\"revslider11\"].once = false;window.revapi1 = undefined;if (window.RS_MODULES.checkMinimal!==undefined) window.RS_MODULES.checkMinimal()}\n\t\t\t\t<\/script>\n\t\t\t<\/rs-module-wrap>\n\t\t\t<!-- END REVOLUTION SLIDER -->\n[\/vc_column][\/vc_row][vc_row][vc_column width=&#8221;1\/2&#8243;][vc_custom_heading text=&#8221;O nas&#8221; use_theme_fonts=&#8221;yes&#8221; css_animation=&#8221;fadeInLeft&#8221;][vc_text_separator title=&#8221;Kilka s\u0142\u00f3w o firmie&#8221;][vc_column_text css_animation=&#8221;fadeInLeft&#8221;]<\/p>\n<p style=\"text-align: justify;\">Jeste\u015bmy wiod\u0105cym dostawc\u0105 wysokiej jako\u015bci preparat\u00f3w czyszcz\u0105cych do myjni i \u015brodk\u00f3w detailingowych. Nasza firma dostarcza szeroki wyb\u00f3r profesjonalnych \u015brodk\u00f3w czyszcz\u0105cych i piel\u0119gnacyjnych, kt\u00f3re zapewniaj\u0105 doskona\u0142e rezultaty oraz d\u0142ugotrwa\u0142\u0105 ochron\u0119. Niezale\u017cnie od tego, czy prowadzisz myjni\u0119 samoobs\u0142ugow\u0105, myjni\u0119 r\u0119czn\u0105, automatyczn\u0105 czy dla TIR\u00f3w, mamy idealne rozwi\u0105zania, kt\u00f3re sprostaj\u0105 Twoim oczekiwaniom.<\/p>\n<p>[\/vc_column_text][vc_btn title=&#8221;Kontakt&#8221; color=&#8221;blue&#8221; align=&#8221;center&#8221; css_animation=&#8221;fadeInUp&#8221; button_block=&#8221;true&#8221; link=&#8221;url:https%3A%2F%2Fwww.chemicartf.pl%2Findex.php%2Fcontact%2F|title:Kontakt&#8221;][\/vc_column][vc_column width=&#8221;1\/2&#8243;][vc_single_image image=&#8221;889&#8243; img_size=&#8221;full&#8221; css_animation=&#8221;fadeInRight&#8221;][\/vc_column][\/vc_row][vc_row][vc_column width=&#8221;1\/2&#8243;][vc_single_image image=&#8221;887&#8243; img_size=&#8221;full&#8221; css_animation=&#8221;fadeInLeft&#8221;][vc_empty_space][vc_single_image image=&#8221;886&#8243; img_size=&#8221;full&#8221; css_animation=&#8221;fadeInLeft&#8221;][\/vc_column][vc_column width=&#8221;1\/2&#8243;][vc_custom_heading text=&#8221;Dlaczego warto wybra\u0107 ChemicarTF?&#8221; use_theme_fonts=&#8221;yes&#8221; css_animation=&#8221;fadeInRight&#8221;][vc_column_text css_animation=&#8221;fadeInRight&#8221;]<\/p>\n<p style=\"text-align: justify;\"><strong>Szeroki asortyment produkt\u00f3w:<\/strong> Oferujemy bogaty wyb\u00f3r preparat\u00f3w do myjni, w tym skoncentrowane \u015brodki myj\u0105ce, woski, od\u017cywki do opon, odplamiacze, \u015brodki dezynfekuj\u0105ce i wiele wi\u0119cej. Bez wzgl\u0119du na Twoje potrzeby, mamy produkty, kt\u00f3re pomog\u0105 Ci osi\u0105gn\u0105\u0107 nieskaziteln\u0105 czysto\u015b\u0107 i blask na ka\u017cdym poje\u017adzie.<\/p>\n<p style=\"text-align: justify;\"><strong><br \/>\nWysoka jako\u015b\u0107 i du\u017cy wyb\u00f3r:<\/strong> Stawiamy na jako\u015b\u0107 naszych produkt\u00f3w. Wszystkie preparaty oferowane przez nasz\u0105 hurtowni\u0119 s\u0105 starannie wyselekcjonowane i poddawane rygorystycznym testom, aby zapewni\u0107 ich skuteczno\u015b\u0107 i bezpiecze\u0144stwo. Mo\u017cesz mie\u0107 pewno\u015b\u0107, \u017ce korzystasz z najlepszych \u015brodk\u00f3w dost\u0119pnych na rynku. Zapewniamy wyb\u00f3r z po\u015br\u00f3d wielu renomowanych producent\u00f3w.<\/p>\n<p style=\"text-align: justify;\"><strong><br \/>\nIndywidualne podej\u015bcie:<\/strong> Rozumiemy, \u017ce ka\u017cda myjnia ma swoje unikalne potrzeby, dlatego oferujemy profesjonalne doradztwo i wsparcie, aby pom\u00f3c Ci wybra\u0107 w\u0142a\u015bciwe produkty dla Twojej dzia\u0142alno\u015bci. Nasz zesp\u00f3\u0142 ekspert\u00f3w jest gotowy udzieli\u0107 Ci wszelkich informacji i porad, kt\u00f3rych potrzebujesz.<\/p>\n<p style=\"text-align: justify;\"><strong><br \/>\nKonkurencyjne ceny: <\/strong>W naszej hurtowni stawiamy na uczciwo\u015b\u0107 i transparentno\u015b\u0107 w relacji z naszymi klientami. Oferujemy konkurencyjne ceny na nasze preparaty, co pozwala Ci uzyska\u0107 wysok\u0105 jako\u015b\u0107 produkt\u00f3w przy jednoczesnym oszcz\u0119dzaniu pieni\u0119dzy.<\/p>\n<p style=\"text-align: justify;\"><strong><br \/>\nSzybka dostawa:<\/strong> Wiemy, jak wa\u017cne jest, aby mie\u0107 dost\u0119p do potrzebnych produkt\u00f3w w odpowiednim czasie. Dlatego gwarantujemy szybk\u0105 i niezawodn\u0105 dostaw\u0119 zam\u00f3wionych preparat\u00f3w, aby\u015b m\u00f3g\u0142 utrzyma\u0107 swoj\u0105 dzia\u0142alno\u015b\u0107 bez przestoj\u00f3w. Oferujemy sprzeda\u017c wysy\u0142k\u0105 i dostawy bezpo\u015brednie.<\/p>\n<p style=\"text-align: justify;\">Nie zwlekaj d\u0142u\u017cej i do\u0142\u0105cz do grona naszych zadowolonych klient\u00f3w. Skontaktuj si\u0119 z nami ju\u017c dzi\u015b, aby uzyska\u0107 wi\u0119cej informacji na temat naszych produkt\u00f3w i us\u0142ug!<\/p>\n<p>[\/vc_column_text][vc_btn title=&#8221;Kontakt&#8221; color=&#8221;blue&#8221; align=&#8221;center&#8221; css_animation=&#8221;fadeInUp&#8221; button_block=&#8221;true&#8221; link=&#8221;url:https%3A%2F%2Fwww.chemicartf.pl%2Findex.php%2Fcontact%2F|title:Kontakt&#8221;][\/vc_column][\/vc_row][vc_row][vc_column][vc_gmaps link=&#8221;#E-8_JTNDaWZyYW1lJTIwc3JjJTNEJTIyaHR0cHMlM0ElMkYlMkZ3d3cuZ29vZ2xlLmNvbSUyRm1hcHMlMkZlbWJlZCUzRnBiJTNEJTIxMW0xOCUyMTFtMTIlMjExbTMlMjExZDIzMjQuODMwMzU2Mzc4MzMxNSUyMTJkMTguNDE0OTEyOTc2NTU5MTIzJTIxM2Q1NC4zNTk5Nzg2OTg0MDElMjEybTMlMjExZjAlMjEyZjAlMjEzZjAlMjEzbTIlMjExaTEwMjQlMjEyaTc2OCUyMTRmMTMuMSUyMTNtMyUyMTFtMiUyMTFzMHg0NmZkOWU2M2RjNzg2ZDI3JTI1M0EweDE2MDlmZGZkMmFmZGFmMzYlMjEyc0N6YXBsZSUyNTIwMzVBJTI1MkMlMjUyMDgwLTI5OCUyNTIwR2RhJTI1QzUlMjU4NHNrJTIxNWUwJTIxM20yJTIxMXNwbCUyMTJzcGwlMjE0djE2ODk2ODI3MTEwMTYlMjE1bTIlMjExc3BsJTIxMnNwbCUyMiUyMHdpZHRoJTNEJTIyNjAwJTIyJTIwaGVpZ2h0JTNEJTIyNDUwJTIyJTIwc3R5bGUlM0QlMjJib3JkZXIlM0EwJTNCJTIyJTIwYWxsb3dmdWxsc2NyZWVuJTNEJTIyJTIyJTIwbG9hZGluZyUzRCUyMmxhenklMjIlMjByZWZlcnJlcnBvbGljeSUzRCUyMm5vLXJlZmVycmVyLXdoZW4tZG93bmdyYWRlJTIyJTNFJTNDJTJGaWZyYW1lJTNF&#8221;][\/vc_column][\/vc_row]<\/p>\n<\/section>","protected":false},"excerpt":{"rendered":"<p>[vc_row fullwidth=&#8221;yes&#8221; css=&#8221;.vc_custom_1482308512272{padding-top: 0px !important;padding-bottom: 0px !important;}&#8221;][vc_column][\/vc_column][\/vc_row][vc_row][vc_column width=&#8221;1\/2&#8243;][vc_custom_heading text=&#8221;O nas&#8221; use_theme_fonts=&#8221;yes&#8221; css_animation=&#8221;fadeInLeft&#8221;][vc_text_separator title=&#8221;Kilka s\u0142\u00f3w o firmie&#8221;][vc_column_text css_animation=&#8221;fadeInLeft&#8221;] Jeste\u015bmy wiod\u0105cym dostawc\u0105 wysokiej jako\u015bci preparat\u00f3w czyszcz\u0105cych do myjni i \u015brodk\u00f3w detailingowych. Nasza firma dostarcza szeroki wyb\u00f3r profesjonalnych \u015brodk\u00f3w czyszcz\u0105cych i piel\u0119gnacyjnych, kt\u00f3re zapewniaj\u0105 doskona\u0142e rezultaty oraz d\u0142ugotrwa\u0142\u0105 ochron\u0119. Niezale\u017cnie od tego, czy prowadzisz myjni\u0119 samoobs\u0142ugow\u0105, myjni\u0119 r\u0119czn\u0105, [&hellip;]<\/p>\n","protected":false},"author":1,"featured_media":0,"parent":0,"menu_order":0,"comment_status":"closed","ping_status":"closed","template":"page-templates\/template-canvas.php","meta":{"footnotes":""},"class_list":["post-46","page","type-page","status-publish","hentry"],"_links":{"self":[{"href":"https:\/\/www.chemicartf.pl\/index.php\/wp-json\/wp\/v2\/pages\/46","targetHints":{"allow":["GET"]}}],"collection":[{"href":"https:\/\/www.chemicartf.pl\/index.php\/wp-json\/wp\/v2\/pages"}],"about":[{"href":"https:\/\/www.chemicartf.pl\/index.php\/wp-json\/wp\/v2\/types\/page"}],"author":[{"embeddable":true,"href":"https:\/\/www.chemicartf.pl\/index.php\/wp-json\/wp\/v2\/users\/1"}],"replies":[{"embeddable":true,"href":"https:\/\/www.chemicartf.pl\/index.php\/wp-json\/wp\/v2\/comments?post=46"}],"version-history":[{"count":5,"href":"https:\/\/www.chemicartf.pl\/index.php\/wp-json\/wp\/v2\/pages\/46\/revisions"}],"predecessor-version":[{"id":919,"href":"https:\/\/www.chemicartf.pl\/index.php\/wp-json\/wp\/v2\/pages\/46\/revisions\/919"}],"wp:attachment":[{"href":"https:\/\/www.chemicartf.pl\/index.php\/wp-json\/wp\/v2\/media?parent=46"}],"curies":[{"name":"wp","href":"https:\/\/api.w.org\/{rel}","templated":true}]}}