{"id":1160,"date":"2025-02-05T20:41:15","date_gmt":"2025-02-05T19:41:15","guid":{"rendered":"https:\/\/www.chemicartf.pl\/?post_type=product&#038;p=1160"},"modified":"2025-04-08T18:29:37","modified_gmt":"2025-04-08T16:29:37","slug":"hydro-detailer-nablyszczanie-i-konserwacja-lakieru","status":"publish","type":"product","link":"https:\/\/www.chemicartf.pl\/index.php\/product\/hydro-detailer-nablyszczanie-i-konserwacja-lakieru\/","title":{"rendered":"Hydro Detailer &#8211; nab\u0142yszczanie i konserwacja lakieru 1L"},"content":{"rendered":"","protected":false},"excerpt":{"rendered":"<div dir=\"ltr\">QD Hydro Detailer &#8211; preparat do nab\u0142yszczania i konserwacji lakieru . Dzi\u0119ki wyj\u0105tkowym sk\u0142adnikom aktywnym uzyskuje si\u0119 doskona\u0142a i bardzo b\u0142yszcz\u0105c\u0105 powierzchni\u0119 odporn\u0105 na wp\u0142ywy atmosferyczne i \u015brodowiskowe . NOWA opracowana technologia hydro nadaje powierzchni wyj\u0105tkowo g\u0142\u0119boki po\u0142ysk z efektem perlenia . Regularne stosowanie przed\u0142u\u017ca dzia\u0142anie wcze\u015bniej na\u0142o\u017conych wosk\u00f3w i pow\u0142ok . Doskona\u0142y r\u00f3wnie\u017c do szk\u0142a , tworzyw sztucznych , chromu , aluminium.<\/div>\n","protected":false},"featured_media":1157,"comment_status":"open","ping_status":"closed","template":"","meta":[],"product_brand":[],"product_cat":[62],"product_tag":[],"class_list":{"0":"post-1160","1":"product","2":"type-product","3":"status-publish","4":"has-post-thumbnail","6":"product_cat-mycie-i-ochrona-lakieru","8":"first","9":"instock","10":"shipping-taxable","11":"purchasable","12":"product-type-simple"},"_links":{"self":[{"href":"https:\/\/www.chemicartf.pl\/index.php\/wp-json\/wp\/v2\/product\/1160","targetHints":{"allow":["GET"]}}],"collection":[{"href":"https:\/\/www.chemicartf.pl\/index.php\/wp-json\/wp\/v2\/product"}],"about":[{"href":"https:\/\/www.chemicartf.pl\/index.php\/wp-json\/wp\/v2\/types\/product"}],"replies":[{"embeddable":true,"href":"https:\/\/www.chemicartf.pl\/index.php\/wp-json\/wp\/v2\/comments?post=1160"}],"wp:featuredmedia":[{"embeddable":true,"href":"https:\/\/www.chemicartf.pl\/index.php\/wp-json\/wp\/v2\/media\/1157"}],"wp:attachment":[{"href":"https:\/\/www.chemicartf.pl\/index.php\/wp-json\/wp\/v2\/media?parent=1160"}],"wp:term":[{"taxonomy":"product_brand","embeddable":true,"href":"https:\/\/www.chemicartf.pl\/index.php\/wp-json\/wp\/v2\/product_brand?post=1160"},{"taxonomy":"product_cat","embeddable":true,"href":"https:\/\/www.chemicartf.pl\/index.php\/wp-json\/wp\/v2\/product_cat?post=1160"},{"taxonomy":"product_tag","embeddable":true,"href":"https:\/\/www.chemicartf.pl\/index.php\/wp-json\/wp\/v2\/product_tag?post=1160"}],"curies":[{"name":"wp","href":"https:\/\/api.w.org\/{rel}","templated":true}]}}