{"id":1167,"date":"2025-02-05T20:48:09","date_gmt":"2025-02-05T19:48:09","guid":{"rendered":"https:\/\/www.chemicartf.pl\/?post_type=product&#038;p=1167"},"modified":"2025-04-08T18:01:02","modified_gmt":"2025-04-08T16:01:02","slug":"insect-remover-preparat-do-usuwania-insektow","status":"publish","type":"product","link":"https:\/\/www.chemicartf.pl\/index.php\/product\/insect-remover-preparat-do-usuwania-insektow\/","title":{"rendered":"Insect Remover &#8211; Preparat do usuwania insekt\u00f3w 5L"},"content":{"rendered":"","protected":false},"excerpt":{"rendered":"<div dir=\"ltr\">Insekt Remover &#8211; bardzo skuteczny koncentrat p\u0142ynu do usuwania insekt\u00f3w . Dzi\u0119ki zastosowanej formule sprawdza si\u0119 r\u00f3wnie\u017c jako \u015brodek myj\u0105cy tzw. prewash.<\/div>\n","protected":false},"featured_media":1151,"comment_status":"open","ping_status":"closed","template":"","meta":[],"product_brand":[],"product_cat":[62,63],"product_tag":[],"class_list":{"0":"post-1167","1":"product","2":"type-product","3":"status-publish","4":"has-post-thumbnail","6":"product_cat-mycie-i-ochrona-lakieru","7":"product_cat-preparaty-specjalistyczne","9":"first","10":"instock","11":"shipping-taxable","12":"purchasable","13":"product-type-simple"},"_links":{"self":[{"href":"https:\/\/www.chemicartf.pl\/index.php\/wp-json\/wp\/v2\/product\/1167","targetHints":{"allow":["GET"]}}],"collection":[{"href":"https:\/\/www.chemicartf.pl\/index.php\/wp-json\/wp\/v2\/product"}],"about":[{"href":"https:\/\/www.chemicartf.pl\/index.php\/wp-json\/wp\/v2\/types\/product"}],"replies":[{"embeddable":true,"href":"https:\/\/www.chemicartf.pl\/index.php\/wp-json\/wp\/v2\/comments?post=1167"}],"wp:featuredmedia":[{"embeddable":true,"href":"https:\/\/www.chemicartf.pl\/index.php\/wp-json\/wp\/v2\/media\/1151"}],"wp:attachment":[{"href":"https:\/\/www.chemicartf.pl\/index.php\/wp-json\/wp\/v2\/media?parent=1167"}],"wp:term":[{"taxonomy":"product_brand","embeddable":true,"href":"https:\/\/www.chemicartf.pl\/index.php\/wp-json\/wp\/v2\/product_brand?post=1167"},{"taxonomy":"product_cat","embeddable":true,"href":"https:\/\/www.chemicartf.pl\/index.php\/wp-json\/wp\/v2\/product_cat?post=1167"},{"taxonomy":"product_tag","embeddable":true,"href":"https:\/\/www.chemicartf.pl\/index.php\/wp-json\/wp\/v2\/product_tag?post=1167"}],"curies":[{"name":"wp","href":"https:\/\/api.w.org\/{rel}","templated":true}]}}