{"id":1170,"date":"2025-02-05T20:50:04","date_gmt":"2025-02-05T19:50:04","guid":{"rendered":"https:\/\/www.chemicartf.pl\/?post_type=product&#038;p=1170"},"modified":"2025-04-08T18:36:11","modified_gmt":"2025-04-08T16:36:11","slug":"textil-cleaner-plus-czyszczenie-tapicerki-i-wykladzin-1l","status":"publish","type":"product","link":"https:\/\/www.chemicartf.pl\/index.php\/product\/textil-cleaner-plus-czyszczenie-tapicerki-i-wykladzin-1l\/","title":{"rendered":"Textil Cleaner PLUS &#8211; czyszczenie tapicerki i wyk\u0142adzin 1L"},"content":{"rendered":"","protected":false},"excerpt":{"rendered":"<div dir=\"ltr\">Textil Cleaner PLUS &#8211; preparat do czyszczenia tapicerki i wyk\u0142adzin . Bardzo mocny \u015brodek do prania wszystkich element\u00f3w tekstylnych w samochodzie , biurze , hotelu , mieszkaniu irp. Do zastosowania w urz\u0105dzeniach pior\u0105cych . Usuwa nawet najbardziej uporczywe plamy Pozostawia przyjemny zapach. \u015arodek NISKOPIENI\u0104CY.<\/div>\n","protected":false},"featured_media":1149,"comment_status":"open","ping_status":"closed","template":"","meta":[],"product_brand":[],"product_cat":[61,63],"product_tag":[],"class_list":{"0":"post-1170","1":"product","2":"type-product","3":"status-publish","4":"has-post-thumbnail","6":"product_cat-pielegnacja-wnetrza","7":"product_cat-preparaty-specjalistyczne","9":"first","10":"instock","11":"shipping-taxable","12":"purchasable","13":"product-type-simple"},"_links":{"self":[{"href":"https:\/\/www.chemicartf.pl\/index.php\/wp-json\/wp\/v2\/product\/1170","targetHints":{"allow":["GET"]}}],"collection":[{"href":"https:\/\/www.chemicartf.pl\/index.php\/wp-json\/wp\/v2\/product"}],"about":[{"href":"https:\/\/www.chemicartf.pl\/index.php\/wp-json\/wp\/v2\/types\/product"}],"replies":[{"embeddable":true,"href":"https:\/\/www.chemicartf.pl\/index.php\/wp-json\/wp\/v2\/comments?post=1170"}],"wp:featuredmedia":[{"embeddable":true,"href":"https:\/\/www.chemicartf.pl\/index.php\/wp-json\/wp\/v2\/media\/1149"}],"wp:attachment":[{"href":"https:\/\/www.chemicartf.pl\/index.php\/wp-json\/wp\/v2\/media?parent=1170"}],"wp:term":[{"taxonomy":"product_brand","embeddable":true,"href":"https:\/\/www.chemicartf.pl\/index.php\/wp-json\/wp\/v2\/product_brand?post=1170"},{"taxonomy":"product_cat","embeddable":true,"href":"https:\/\/www.chemicartf.pl\/index.php\/wp-json\/wp\/v2\/product_cat?post=1170"},{"taxonomy":"product_tag","embeddable":true,"href":"https:\/\/www.chemicartf.pl\/index.php\/wp-json\/wp\/v2\/product_tag?post=1170"}],"curies":[{"name":"wp","href":"https:\/\/api.w.org\/{rel}","templated":true}]}}