{"id":1173,"date":"2025-02-05T20:53:18","date_gmt":"2025-02-05T19:53:18","guid":{"rendered":"https:\/\/www.chemicartf.pl\/?post_type=product&#038;p=1173"},"modified":"2025-04-08T18:31:54","modified_gmt":"2025-04-08T16:31:54","slug":"car-shampoo-szampon-do-mycia-recznego-5l","status":"publish","type":"product","link":"https:\/\/www.chemicartf.pl\/index.php\/product\/car-shampoo-szampon-do-mycia-recznego-5l\/","title":{"rendered":"Car Shampoo &#8211; Szampon do mycia r\u0119cznego 5L"},"content":{"rendered":"","protected":false},"excerpt":{"rendered":"<div dir=\"ltr\">Car Shampoo &#8211; intensywnie pieni\u0105cy si\u0119 szampon przeznaczony do mycia r\u0119cznego . Zastosowane komponenty skutecznie rozpuszczaj\u0105 brud , w trakcie mycia nadaj\u0105 g\u0105bce\/ szczotce\u00a0 odpowiedni po\u015blizg co znacznie zmniejsza ryzyko porysowania lakieru . Nie pozostawia bia\u0142ych zaciek\u00f3w .Bardzo \u0142atwy w sp\u0142ukiwaniu . Przyjemnie pachnie.<\/div>\n","protected":false},"featured_media":1146,"comment_status":"open","ping_status":"closed","template":"","meta":[],"product_brand":[],"product_cat":[62],"product_tag":[],"class_list":{"0":"post-1173","1":"product","2":"type-product","3":"status-publish","4":"has-post-thumbnail","6":"product_cat-mycie-i-ochrona-lakieru","8":"first","9":"instock","10":"shipping-taxable","11":"purchasable","12":"product-type-simple"},"_links":{"self":[{"href":"https:\/\/www.chemicartf.pl\/index.php\/wp-json\/wp\/v2\/product\/1173","targetHints":{"allow":["GET"]}}],"collection":[{"href":"https:\/\/www.chemicartf.pl\/index.php\/wp-json\/wp\/v2\/product"}],"about":[{"href":"https:\/\/www.chemicartf.pl\/index.php\/wp-json\/wp\/v2\/types\/product"}],"replies":[{"embeddable":true,"href":"https:\/\/www.chemicartf.pl\/index.php\/wp-json\/wp\/v2\/comments?post=1173"}],"wp:featuredmedia":[{"embeddable":true,"href":"https:\/\/www.chemicartf.pl\/index.php\/wp-json\/wp\/v2\/media\/1146"}],"wp:attachment":[{"href":"https:\/\/www.chemicartf.pl\/index.php\/wp-json\/wp\/v2\/media?parent=1173"}],"wp:term":[{"taxonomy":"product_brand","embeddable":true,"href":"https:\/\/www.chemicartf.pl\/index.php\/wp-json\/wp\/v2\/product_brand?post=1173"},{"taxonomy":"product_cat","embeddable":true,"href":"https:\/\/www.chemicartf.pl\/index.php\/wp-json\/wp\/v2\/product_cat?post=1173"},{"taxonomy":"product_tag","embeddable":true,"href":"https:\/\/www.chemicartf.pl\/index.php\/wp-json\/wp\/v2\/product_tag?post=1173"}],"curies":[{"name":"wp","href":"https:\/\/api.w.org\/{rel}","templated":true}]}}