{"id":1181,"date":"2025-02-05T21:01:07","date_gmt":"2025-02-05T20:01:07","guid":{"rendered":"https:\/\/www.chemicartf.pl\/?post_type=product&#038;p=1181"},"modified":"2025-04-08T18:38:04","modified_gmt":"2025-04-08T16:38:04","slug":"vinyl-preparat-do-czyszczenia-opon-i-tworzyw-sztucznych-5l","status":"publish","type":"product","link":"https:\/\/www.chemicartf.pl\/index.php\/product\/vinyl-preparat-do-czyszczenia-opon-i-tworzyw-sztucznych-5l\/","title":{"rendered":"Vinyl &#8211; Preparat do czyszczenia opon i tworzyw sztucznych 5L"},"content":{"rendered":"","protected":false},"excerpt":{"rendered":"<div dir=\"ltr\">VINYL &#8211; preparat do konserwacji opon i tworzyw sztucznych . Konserwuje i delikatnie nab\u0142yszcza elementy z gumy i tworzyw sztucznych . Doskona\u0142y do opon, zderzak\u00f3w, listew, uszczelek. Nadaje powierzchni d\u0142ugotrwa\u0142y aksamitny po\u0142ysk, d\u0142ugo na niej pozostaj\u0105c. Ca\u0142kowicie wysycha i nie klei si\u0119.<\/div>\n","protected":false},"featured_media":1140,"comment_status":"open","ping_status":"closed","template":"","meta":[],"product_brand":[],"product_cat":[64],"product_tag":[],"class_list":{"0":"post-1181","1":"product","2":"type-product","3":"status-publish","4":"has-post-thumbnail","6":"product_cat-konserwacja-i-nablyszczanie","8":"first","9":"instock","10":"shipping-taxable","11":"purchasable","12":"product-type-simple"},"_links":{"self":[{"href":"https:\/\/www.chemicartf.pl\/index.php\/wp-json\/wp\/v2\/product\/1181","targetHints":{"allow":["GET"]}}],"collection":[{"href":"https:\/\/www.chemicartf.pl\/index.php\/wp-json\/wp\/v2\/product"}],"about":[{"href":"https:\/\/www.chemicartf.pl\/index.php\/wp-json\/wp\/v2\/types\/product"}],"replies":[{"embeddable":true,"href":"https:\/\/www.chemicartf.pl\/index.php\/wp-json\/wp\/v2\/comments?post=1181"}],"wp:featuredmedia":[{"embeddable":true,"href":"https:\/\/www.chemicartf.pl\/index.php\/wp-json\/wp\/v2\/media\/1140"}],"wp:attachment":[{"href":"https:\/\/www.chemicartf.pl\/index.php\/wp-json\/wp\/v2\/media?parent=1181"}],"wp:term":[{"taxonomy":"product_brand","embeddable":true,"href":"https:\/\/www.chemicartf.pl\/index.php\/wp-json\/wp\/v2\/product_brand?post=1181"},{"taxonomy":"product_cat","embeddable":true,"href":"https:\/\/www.chemicartf.pl\/index.php\/wp-json\/wp\/v2\/product_cat?post=1181"},{"taxonomy":"product_tag","embeddable":true,"href":"https:\/\/www.chemicartf.pl\/index.php\/wp-json\/wp\/v2\/product_tag?post=1181"}],"curies":[{"name":"wp","href":"https:\/\/api.w.org\/{rel}","templated":true}]}}