{"id":1185,"date":"2025-02-05T21:03:13","date_gmt":"2025-02-05T20:03:13","guid":{"rendered":"https:\/\/www.chemicartf.pl\/?post_type=product&#038;p=1185"},"modified":"2025-04-08T18:35:32","modified_gmt":"2025-04-08T16:35:32","slug":"apc-interior-cleaner-czyszczenie-wnetrza-copy","status":"publish","type":"product","link":"https:\/\/www.chemicartf.pl\/index.php\/product\/apc-interior-cleaner-czyszczenie-wnetrza-copy\/","title":{"rendered":"APC Interior Cleaner &#8211; czyszczenie wn\u0119trza"},"content":{"rendered":"","protected":false},"excerpt":{"rendered":"<div dir=\"ltr\">\n<blockquote>\n<div dir=\"ltr\" style=\"text-align: left;\">APC Interir Cleaner &#8211; Preparat do czyszczenia wn\u0119trza . Koncentrat. \u00a0 \u00a0Dzi\u0119ki swojemu wyj\u0105tkowemu sk\u0142adowi preparat ma wszechstronne zastosowanie w czyszczeniu wn\u0119trza auta. Doskona\u0142y do prania tapicerki , czyszczenia element\u00f3w sk\u00f3rzanych , tekstylnych i tworzyw sztucznych . Bardzo skuteczny w usuwaniu brudu a zarazem delikatny dla czyszczonej powierzchni . Nie tworzy zaciek\u00f3w , bia\u0142ych \u015blad\u00f3w itp.. Pozostawia przyjemny zapach<\/div>\n<\/blockquote>\n<\/div>\n","protected":false},"featured_media":1137,"comment_status":"closed","ping_status":"closed","template":"","meta":[],"product_brand":[],"product_cat":[61,63],"product_tag":[],"class_list":{"0":"post-1185","1":"product","2":"type-product","3":"status-publish","4":"has-post-thumbnail","6":"product_cat-pielegnacja-wnetrza","7":"product_cat-preparaty-specjalistyczne","9":"first","10":"instock","11":"shipping-taxable","12":"purchasable","13":"product-type-simple"},"_links":{"self":[{"href":"https:\/\/www.chemicartf.pl\/index.php\/wp-json\/wp\/v2\/product\/1185","targetHints":{"allow":["GET"]}}],"collection":[{"href":"https:\/\/www.chemicartf.pl\/index.php\/wp-json\/wp\/v2\/product"}],"about":[{"href":"https:\/\/www.chemicartf.pl\/index.php\/wp-json\/wp\/v2\/types\/product"}],"replies":[{"embeddable":true,"href":"https:\/\/www.chemicartf.pl\/index.php\/wp-json\/wp\/v2\/comments?post=1185"}],"wp:featuredmedia":[{"embeddable":true,"href":"https:\/\/www.chemicartf.pl\/index.php\/wp-json\/wp\/v2\/media\/1137"}],"wp:attachment":[{"href":"https:\/\/www.chemicartf.pl\/index.php\/wp-json\/wp\/v2\/media?parent=1185"}],"wp:term":[{"taxonomy":"product_brand","embeddable":true,"href":"https:\/\/www.chemicartf.pl\/index.php\/wp-json\/wp\/v2\/product_brand?post=1185"},{"taxonomy":"product_cat","embeddable":true,"href":"https:\/\/www.chemicartf.pl\/index.php\/wp-json\/wp\/v2\/product_cat?post=1185"},{"taxonomy":"product_tag","embeddable":true,"href":"https:\/\/www.chemicartf.pl\/index.php\/wp-json\/wp\/v2\/product_tag?post=1185"}],"curies":[{"name":"wp","href":"https:\/\/api.w.org\/{rel}","templated":true}]}}