{"id":1204,"date":"2025-02-28T18:18:30","date_gmt":"2025-02-28T17:18:30","guid":{"rendered":"https:\/\/www.chemicartf.pl\/?post_type=product&#038;p=1204"},"modified":"2025-03-13T17:57:59","modified_gmt":"2025-03-13T16:57:59","slug":"super-active-wash","status":"publish","type":"product","link":"https:\/\/www.chemicartf.pl\/index.php\/product\/super-active-wash\/","title":{"rendered":"SUPER ACTIVE WASH"},"content":{"rendered":"","protected":false},"excerpt":{"rendered":"<p>NOWO\u015a\u0106! WYSOKO SKONCENTROWANY!<\/p>\n<p><strong>Preparat do bezdotykowego mycia samochod\u00f3w\u00a0<\/strong><\/p>\n<p>Super skoncentrowany preparat do bezdotykowego mycia samochod\u00f3w dostawczych i ci\u0119\u017carowych<\/p>\n<p>Doskonale si\u0119 pieni, skutecznie usuwaj\u0105c silne zabrudzenia oraz insekty. Nie uszkadza lakieru, nie pozostawia bia\u0142ego nalotu, przyjemnie pachnie.<\/p>\n<p>Mo\u017ce by\u0107 stosowany do mycia wst\u0119pnego, jako \u015brodek w myjniach samoobs\u0142ugowych, w myj\u0105cych urz\u0105dzeniach wysokoci\u015bnieniowych oraz systemach pieni\u0105cych.<\/p>\n<p>SPOS\u00d3B U\u017bYCIA:<\/p>\n<p>Mycie r\u0119czne: karoseri\u0119 my\u0107 g\u0105bk\u0105 lub szczotk\u0105 z u\u017cyciem roztworu 1:300. Sp\u0142uka\u0107.<\/p>\n<p>Atomizery: w zale\u017cno\u015bci od stopnia zabrudzenia stosowa\u0107 roztw\u00f3r 1: 60 do 1: 150; spryska\u0107 od do\u0142u do g\u00f3ry; pozostawi\u0107 na minut\u0119; obficie zmy\u0107 wod\u0105 pod ci\u015bnieniem.<\/p>\n<p>Urz\u0105dzenia pieni\u0105ce: mo\u017ce by\u0107 u\u017cywany we wszystkich rodzajach system\u00f3w.<\/p>\n<p>Myj\u0105ce urz\u0105dzenia wysokoci\u015bnieniowe: stosowa\u0107 roztw\u00f3r 1:4 &#8211; 1:10; urz\u0105dzenie ustawi\u0107 \u00a0w taki spos\u00f3b, aby na dyszy uzyska\u0107 oko\u0142o 0,1-1%.<\/p>\n<p>Preparat nie nale\u017cy pozostawia\u0107 na karoserii do wyschni\u0119cia.<\/p>\n<p>Powierzchnie gor\u0105ce oraz matowe nale\u017cy przed umyciem sp\u0142uka\u0107 wod\u0105.<\/p>\n<p>My\u0107 w miejscu zacienionym.<\/p>\n","protected":false},"featured_media":1205,"comment_status":"open","ping_status":"closed","template":"","meta":[],"product_brand":[],"product_cat":[62],"product_tag":[],"class_list":{"0":"post-1204","1":"product","2":"type-product","3":"status-publish","4":"has-post-thumbnail","6":"product_cat-mycie-i-ochrona-lakieru","8":"first","9":"instock","10":"shipping-taxable","11":"purchasable","12":"product-type-variable"},"_links":{"self":[{"href":"https:\/\/www.chemicartf.pl\/index.php\/wp-json\/wp\/v2\/product\/1204","targetHints":{"allow":["GET"]}}],"collection":[{"href":"https:\/\/www.chemicartf.pl\/index.php\/wp-json\/wp\/v2\/product"}],"about":[{"href":"https:\/\/www.chemicartf.pl\/index.php\/wp-json\/wp\/v2\/types\/product"}],"replies":[{"embeddable":true,"href":"https:\/\/www.chemicartf.pl\/index.php\/wp-json\/wp\/v2\/comments?post=1204"}],"wp:featuredmedia":[{"embeddable":true,"href":"https:\/\/www.chemicartf.pl\/index.php\/wp-json\/wp\/v2\/media\/1205"}],"wp:attachment":[{"href":"https:\/\/www.chemicartf.pl\/index.php\/wp-json\/wp\/v2\/media?parent=1204"}],"wp:term":[{"taxonomy":"product_brand","embeddable":true,"href":"https:\/\/www.chemicartf.pl\/index.php\/wp-json\/wp\/v2\/product_brand?post=1204"},{"taxonomy":"product_cat","embeddable":true,"href":"https:\/\/www.chemicartf.pl\/index.php\/wp-json\/wp\/v2\/product_cat?post=1204"},{"taxonomy":"product_tag","embeddable":true,"href":"https:\/\/www.chemicartf.pl\/index.php\/wp-json\/wp\/v2\/product_tag?post=1204"}],"curies":[{"name":"wp","href":"https:\/\/api.w.org\/{rel}","templated":true}]}}