{"id":1206,"date":"2025-02-28T18:20:37","date_gmt":"2025-02-28T17:20:37","guid":{"rendered":"https:\/\/www.chemicartf.pl\/?post_type=product&#038;p=1206"},"modified":"2025-03-13T17:59:08","modified_gmt":"2025-03-13T16:59:08","slug":"eco-super-active","status":"publish","type":"product","link":"https:\/\/www.chemicartf.pl\/index.php\/product\/eco-super-active\/","title":{"rendered":"ECO SUPER ACTIVE"},"content":{"rendered":"","protected":false},"excerpt":{"rendered":"<p><strong>Koncentrat &#8211; preparat do bezdotykowego mycia samochod\u00f3w.<\/strong><\/p>\n<p>Skutecznie usuwa silne zabrudzenia oraz insekty. Bezpieczny dla lakieru, po umyciu nie pozostawia bia\u0142ego nalotu. Przyjemnie pachnie. Mo\u017ce by\u0107 stosowany do mycia wst\u0119pnego, idealny produkt do zastosowania\u00a0 na myjniach samoobs\u0142ugowych, w myj\u0105cych urz\u0105dzeniach wysokoci\u015bnieniowych oraz systemach pieni\u0105cych. Dzia\u0142a skutecznie nawet w niskim st\u0119\u017ceniu. \u0141atwo si\u0119 sp\u0142ukuje.<\/p>\n<p><strong>Spos\u00f3b u\u017cycia:<\/strong><\/p>\n<p>Mycie r\u0119czne: karoseri\u0119 my\u0107 g\u0105bk\u0105 lub szczotk\u0105 z u\u017cyciem roztworu 1:150. Sp\u0142uka\u0107.<br \/>\nAtomizery: w zale\u017cno\u015bci od stopnia zabrudzenia stosowa\u0107 roztw\u00f3r 1: 30 do 1: 75; spryska\u0107 od do\u0142u do g\u00f3ry; pozostawi\u0107 na minut\u0119; obficie zmy\u0107 wod\u0105 pod ci\u015bnieniem.<br \/>\nUrz\u0105dzenia pieni\u0105ce: mo\u017ce by\u0107 u\u017cywany we wszystkich rodzajach system\u00f3w.<br \/>\nMyj\u0105ce urz\u0105dzenia wysokoci\u015bnieniowe: stosowa\u0107 roztw\u00f3r 1:2 &#8211; 1:5; urz\u0105dzenie ustawi\u0107 w taki spos\u00f3b, aby na dyszy uzyska\u0107 oko\u0142o 0,2-2%.<\/p>\n","protected":false},"featured_media":1207,"comment_status":"open","ping_status":"closed","template":"","meta":[],"product_brand":[],"product_cat":[62],"product_tag":[],"class_list":{"0":"post-1206","1":"product","2":"type-product","3":"status-publish","4":"has-post-thumbnail","6":"product_cat-mycie-i-ochrona-lakieru","8":"first","9":"instock","10":"shipping-taxable","11":"purchasable","12":"product-type-simple"},"_links":{"self":[{"href":"https:\/\/www.chemicartf.pl\/index.php\/wp-json\/wp\/v2\/product\/1206","targetHints":{"allow":["GET"]}}],"collection":[{"href":"https:\/\/www.chemicartf.pl\/index.php\/wp-json\/wp\/v2\/product"}],"about":[{"href":"https:\/\/www.chemicartf.pl\/index.php\/wp-json\/wp\/v2\/types\/product"}],"replies":[{"embeddable":true,"href":"https:\/\/www.chemicartf.pl\/index.php\/wp-json\/wp\/v2\/comments?post=1206"}],"wp:featuredmedia":[{"embeddable":true,"href":"https:\/\/www.chemicartf.pl\/index.php\/wp-json\/wp\/v2\/media\/1207"}],"wp:attachment":[{"href":"https:\/\/www.chemicartf.pl\/index.php\/wp-json\/wp\/v2\/media?parent=1206"}],"wp:term":[{"taxonomy":"product_brand","embeddable":true,"href":"https:\/\/www.chemicartf.pl\/index.php\/wp-json\/wp\/v2\/product_brand?post=1206"},{"taxonomy":"product_cat","embeddable":true,"href":"https:\/\/www.chemicartf.pl\/index.php\/wp-json\/wp\/v2\/product_cat?post=1206"},{"taxonomy":"product_tag","embeddable":true,"href":"https:\/\/www.chemicartf.pl\/index.php\/wp-json\/wp\/v2\/product_tag?post=1206"}],"curies":[{"name":"wp","href":"https:\/\/api.w.org\/{rel}","templated":true}]}}