{"id":1215,"date":"2025-03-13T18:00:38","date_gmt":"2025-03-13T17:00:38","guid":{"rendered":"https:\/\/www.chemicartf.pl\/?post_type=product&#038;p=1215"},"modified":"2025-03-13T18:02:17","modified_gmt":"2025-03-13T17:02:17","slug":"eco-wash","status":"publish","type":"product","link":"https:\/\/www.chemicartf.pl\/index.php\/product\/eco-wash\/","title":{"rendered":"ECO WASH"},"content":{"rendered":"","protected":false},"excerpt":{"rendered":"<p><strong>Preparat do mycia ka\u017cdego typu pojazd\u00f3w<\/strong><\/p>\n<p>Bardzo wydajny koncentrat piany aktywnej do mycia pojazd\u00f3w w 100 % podlegaj\u0105cy biodegradacji.<br \/>\nZawiera substancje hamuj\u0105ce proces korozji poprzez tworzenie warstwy ochronnej na powierzchni karoserii.<br \/>\nBardzo skutecznie usuwa wszelkie zabrudzenia z ka\u017cdego typu pojazd\u00f3w, nie pozostawiaj\u0105c smug, nadaje po\u0142ysk.<br \/>\nPolecany do mycia wst\u0119pnego z u\u017cyciem atomizera, w myjniach wyposa\u017conych w urz\u0105dzenia wysokoci\u015bnieniowe oraz systemy pieni\u0105ce.<\/p>\n<p><strong>Spos\u00f3b u\u017cycia:<\/strong><br \/>\nMycie r\u0119czne: karoseri\u0119 my\u0107 g\u0105bk\u0105 lub szczotk\u0105 z u\u017cyciem roztworu 1:100. Sp\u0142uka\u0107.<br \/>\nAtomizery: w zale\u017cno\u015bci od stopnia zabrudzenia stosowa\u0107 roztw\u00f3r 1: 20 do 1: 50;\u00a0spryska\u0107 od do\u0142u do g\u00f3ry; pozostawi\u0107 na minut\u0119; obficie zmy\u0107 wod\u0105 pod ci\u015bnieniem.<br \/>\nUrz\u0105dzenia pieni\u0105ce: mo\u017ce by\u0107 u\u017cywany we wszystkich rodzajach system\u00f3w.<br \/>\nMyj\u0105ce urz\u0105dzenia wysokoci\u015bnieniowe: stosowa\u0107 roztw\u00f3r 1: 10; urz\u0105dzenie ustawi\u0107\u00a0w taki spos\u00f3b, aby na dyszy uzyska\u0107 1,5-2%.<\/p>\n<p>Preparatu nie nale\u017cy pozostawia\u0107 na karoserii do wyschni\u0119cia.<br \/>\nPowierzchnie gor\u0105ce oraz matowe nale\u017cy przed umyciem sp\u0142uka\u0107 wod\u0105.<br \/>\nMy\u0107 w miejscu zacienionym.<\/p>\n","protected":false},"featured_media":1220,"comment_status":"open","ping_status":"closed","template":"","meta":[],"product_brand":[],"product_cat":[62],"product_tag":[],"class_list":{"0":"post-1215","1":"product","2":"type-product","3":"status-publish","4":"has-post-thumbnail","6":"product_cat-mycie-i-ochrona-lakieru","8":"first","9":"instock","10":"shipping-taxable","11":"purchasable","12":"product-type-variable"},"_links":{"self":[{"href":"https:\/\/www.chemicartf.pl\/index.php\/wp-json\/wp\/v2\/product\/1215","targetHints":{"allow":["GET"]}}],"collection":[{"href":"https:\/\/www.chemicartf.pl\/index.php\/wp-json\/wp\/v2\/product"}],"about":[{"href":"https:\/\/www.chemicartf.pl\/index.php\/wp-json\/wp\/v2\/types\/product"}],"replies":[{"embeddable":true,"href":"https:\/\/www.chemicartf.pl\/index.php\/wp-json\/wp\/v2\/comments?post=1215"}],"wp:featuredmedia":[{"embeddable":true,"href":"https:\/\/www.chemicartf.pl\/index.php\/wp-json\/wp\/v2\/media\/1220"}],"wp:attachment":[{"href":"https:\/\/www.chemicartf.pl\/index.php\/wp-json\/wp\/v2\/media?parent=1215"}],"wp:term":[{"taxonomy":"product_brand","embeddable":true,"href":"https:\/\/www.chemicartf.pl\/index.php\/wp-json\/wp\/v2\/product_brand?post=1215"},{"taxonomy":"product_cat","embeddable":true,"href":"https:\/\/www.chemicartf.pl\/index.php\/wp-json\/wp\/v2\/product_cat?post=1215"},{"taxonomy":"product_tag","embeddable":true,"href":"https:\/\/www.chemicartf.pl\/index.php\/wp-json\/wp\/v2\/product_tag?post=1215"}],"curies":[{"name":"wp","href":"https:\/\/api.w.org\/{rel}","templated":true}]}}