{"id":1239,"date":"2025-03-13T18:07:16","date_gmt":"2025-03-13T17:07:16","guid":{"rendered":"https:\/\/www.chemicartf.pl\/?post_type=product&#038;p=1239"},"modified":"2025-03-13T18:08:30","modified_gmt":"2025-03-13T17:08:30","slug":"car-shampoo","status":"publish","type":"product","link":"https:\/\/www.chemicartf.pl\/index.php\/product\/car-shampoo\/","title":{"rendered":"CAR SHAMPOO"},"content":{"rendered":"","protected":false},"excerpt":{"rendered":"<p><strong>Szampon intensywny<\/strong><br \/>\nIntensywnie pieni\u0105cy si\u0119 szampon o doskona\u0142ych w\u0142a\u015bciwo\u015bciach\u00a0nawil\u017caj\u0105cych. Skutecznie rozpuszcza brud oraz nawil\u017ca czyszczon\u0105\u00a0powierzchni\u0119. Z powodzeniem mo\u017ce by\u0107 wykorzystywany do r\u0119cznego mycia\u00a0pojazd\u00f3w oraz w natryskowych, szczotkowych myjniach samochodowych.<\/p>\n<p><strong>Spos\u00f3b u\u017cycia:<\/strong><br \/>\nMycie r\u0119czne: u\u017cy\u0107 1% koncentratu.<br \/>\nUrz\u0105dzenia z systemem wtryskiwaczy: rozcie\u0144czy\u0107 z wod\u0105 1: 10; urz\u0105dzenie ustawi\u0107 w taki spos\u00f3b, aby zu\u017cycie na jeden pojazd wynios\u0142o oko\u0142o 20g.<br \/>\nUrz\u0105dzenie z pomp\u0105 dozuj\u0105c\u0105: u\u017cy\u0107 koncentrat; urz\u0105dzenie ustawi\u0107 w taki spos\u00f3b, aby zu\u017cycie na jeden pojazd wynosi\u0142o oko\u0142o 20g.<\/p>\n","protected":false},"featured_media":1244,"comment_status":"open","ping_status":"closed","template":"","meta":[],"product_brand":[],"product_cat":[62],"product_tag":[],"class_list":{"0":"post-1239","1":"product","2":"type-product","3":"status-publish","4":"has-post-thumbnail","6":"product_cat-mycie-i-ochrona-lakieru","8":"first","9":"instock","10":"shipping-taxable","11":"purchasable","12":"product-type-variable"},"_links":{"self":[{"href":"https:\/\/www.chemicartf.pl\/index.php\/wp-json\/wp\/v2\/product\/1239","targetHints":{"allow":["GET"]}}],"collection":[{"href":"https:\/\/www.chemicartf.pl\/index.php\/wp-json\/wp\/v2\/product"}],"about":[{"href":"https:\/\/www.chemicartf.pl\/index.php\/wp-json\/wp\/v2\/types\/product"}],"replies":[{"embeddable":true,"href":"https:\/\/www.chemicartf.pl\/index.php\/wp-json\/wp\/v2\/comments?post=1239"}],"wp:featuredmedia":[{"embeddable":true,"href":"https:\/\/www.chemicartf.pl\/index.php\/wp-json\/wp\/v2\/media\/1244"}],"wp:attachment":[{"href":"https:\/\/www.chemicartf.pl\/index.php\/wp-json\/wp\/v2\/media?parent=1239"}],"wp:term":[{"taxonomy":"product_brand","embeddable":true,"href":"https:\/\/www.chemicartf.pl\/index.php\/wp-json\/wp\/v2\/product_brand?post=1239"},{"taxonomy":"product_cat","embeddable":true,"href":"https:\/\/www.chemicartf.pl\/index.php\/wp-json\/wp\/v2\/product_cat?post=1239"},{"taxonomy":"product_tag","embeddable":true,"href":"https:\/\/www.chemicartf.pl\/index.php\/wp-json\/wp\/v2\/product_tag?post=1239"}],"curies":[{"name":"wp","href":"https:\/\/api.w.org\/{rel}","templated":true}]}}