{"id":1251,"date":"2025-03-13T18:11:07","date_gmt":"2025-03-13T17:11:07","guid":{"rendered":"https:\/\/www.chemicartf.pl\/?post_type=product&#038;p=1251"},"modified":"2025-03-13T18:12:21","modified_gmt":"2025-03-13T17:12:21","slug":"duo-active","status":"publish","type":"product","link":"https:\/\/www.chemicartf.pl\/index.php\/product\/duo-active\/","title":{"rendered":"DUO ACTIVE"},"content":{"rendered":"","protected":false},"excerpt":{"rendered":"<p><strong>Dwusk\u0142adnikowa piana aktywna<\/strong><\/p>\n<p>Silnie skoncentrowana piana aktywna przeznaczona do usuwania silnych zabrudze\u0144: ropopochodnych, t\u0142uszczowych, drogowych.<\/p>\n<p>Doskale czy\u015bci karoseri\u0119 samochod\u00f3w ci\u0119\u017carowych oraz maszyny i urz\u0105dzenia budowlane i drogowe.<\/p>\n<p><strong>Spos\u00f3b u\u017cycia:<\/strong><\/p>\n<p>Mycie wst\u0119pne: 1:60-100<br \/>\nMycie zasadnicze: 1:50<br \/>\nMo\u017cna stosowa\u0107 jako oprysk lub pian\u0119 (zaleca si\u0119 rozcie\u0144czy\u0107 wst\u0119pnie 1:2-3)<\/p>\n<p>Preparatu nie nale\u017cy pozostawia\u0107 na karoserii do wyschni\u0119cia.<br \/>\nPowierzchnie gor\u0105ce oraz matowe nale\u017cy przed umyciem sp\u0142uka\u0107 wod\u0105.<br \/>\nMy\u0107 w miejscu zacienionym.<\/p>\n","protected":false},"featured_media":1256,"comment_status":"open","ping_status":"closed","template":"","meta":[],"product_brand":[],"product_cat":[62],"product_tag":[],"class_list":{"0":"post-1251","1":"product","2":"type-product","3":"status-publish","4":"has-post-thumbnail","6":"product_cat-mycie-i-ochrona-lakieru","8":"first","9":"instock","10":"shipping-taxable","11":"purchasable","12":"product-type-variable"},"_links":{"self":[{"href":"https:\/\/www.chemicartf.pl\/index.php\/wp-json\/wp\/v2\/product\/1251","targetHints":{"allow":["GET"]}}],"collection":[{"href":"https:\/\/www.chemicartf.pl\/index.php\/wp-json\/wp\/v2\/product"}],"about":[{"href":"https:\/\/www.chemicartf.pl\/index.php\/wp-json\/wp\/v2\/types\/product"}],"replies":[{"embeddable":true,"href":"https:\/\/www.chemicartf.pl\/index.php\/wp-json\/wp\/v2\/comments?post=1251"}],"wp:featuredmedia":[{"embeddable":true,"href":"https:\/\/www.chemicartf.pl\/index.php\/wp-json\/wp\/v2\/media\/1256"}],"wp:attachment":[{"href":"https:\/\/www.chemicartf.pl\/index.php\/wp-json\/wp\/v2\/media?parent=1251"}],"wp:term":[{"taxonomy":"product_brand","embeddable":true,"href":"https:\/\/www.chemicartf.pl\/index.php\/wp-json\/wp\/v2\/product_brand?post=1251"},{"taxonomy":"product_cat","embeddable":true,"href":"https:\/\/www.chemicartf.pl\/index.php\/wp-json\/wp\/v2\/product_cat?post=1251"},{"taxonomy":"product_tag","embeddable":true,"href":"https:\/\/www.chemicartf.pl\/index.php\/wp-json\/wp\/v2\/product_tag?post=1251"}],"curies":[{"name":"wp","href":"https:\/\/api.w.org\/{rel}","templated":true}]}}