{"id":1269,"date":"2025-03-13T18:15:53","date_gmt":"2025-03-13T17:15:53","guid":{"rendered":"https:\/\/www.chemicartf.pl\/?post_type=product&#038;p=1269"},"modified":"2025-03-13T18:16:47","modified_gmt":"2025-03-13T17:16:47","slug":"auto-foam","status":"publish","type":"product","link":"https:\/\/www.chemicartf.pl\/index.php\/product\/auto-foam\/","title":{"rendered":"AUTO FOAM"},"content":{"rendered":"","protected":false},"excerpt":{"rendered":"<p><strong>Piana aktywna do myjni automatycznych<\/strong><br \/>\nG\u0119sta piana uzyskiwana jest w po\u0142\u0105czeniu z wod\u0105 oraz za pomoc\u0105 spr\u0119\u017conego<br \/>\npowietrza. Ca\u0142kowicie pokrywa karoseri\u0119 samochodu, skutecznie usuwaj\u0105c<br \/>\nwszelkie zabrudzenia. Efekt wizualny (utrzymuj\u0105ca si\u0119 piana na karoserii)<br \/>\npot\u0119gowany jest r\u00f3wnie\u017c przez \u015bwie\u017cy zapach, skutecznie maskuj\u0105cy<br \/>\nnieprzyjemn\u0105 wo\u0144 wydzielan\u0105 przez systemy wodne.<\/p>\n<p><strong>Spos\u00f3b u\u017cycia:<\/strong><br \/>\nW urz\u0105dzeniach z pomp\u0105 dozuj\u0105c\u0105 stosujemy koncentrat.<\/p>\n","protected":false},"featured_media":1273,"comment_status":"open","ping_status":"closed","template":"","meta":[],"product_brand":[],"product_cat":[62],"product_tag":[],"class_list":{"0":"post-1269","1":"product","2":"type-product","3":"status-publish","4":"has-post-thumbnail","6":"product_cat-mycie-i-ochrona-lakieru","8":"first","9":"instock","10":"shipping-taxable","11":"purchasable","12":"product-type-variable"},"_links":{"self":[{"href":"https:\/\/www.chemicartf.pl\/index.php\/wp-json\/wp\/v2\/product\/1269","targetHints":{"allow":["GET"]}}],"collection":[{"href":"https:\/\/www.chemicartf.pl\/index.php\/wp-json\/wp\/v2\/product"}],"about":[{"href":"https:\/\/www.chemicartf.pl\/index.php\/wp-json\/wp\/v2\/types\/product"}],"replies":[{"embeddable":true,"href":"https:\/\/www.chemicartf.pl\/index.php\/wp-json\/wp\/v2\/comments?post=1269"}],"wp:featuredmedia":[{"embeddable":true,"href":"https:\/\/www.chemicartf.pl\/index.php\/wp-json\/wp\/v2\/media\/1273"}],"wp:attachment":[{"href":"https:\/\/www.chemicartf.pl\/index.php\/wp-json\/wp\/v2\/media?parent=1269"}],"wp:term":[{"taxonomy":"product_brand","embeddable":true,"href":"https:\/\/www.chemicartf.pl\/index.php\/wp-json\/wp\/v2\/product_brand?post=1269"},{"taxonomy":"product_cat","embeddable":true,"href":"https:\/\/www.chemicartf.pl\/index.php\/wp-json\/wp\/v2\/product_cat?post=1269"},{"taxonomy":"product_tag","embeddable":true,"href":"https:\/\/www.chemicartf.pl\/index.php\/wp-json\/wp\/v2\/product_tag?post=1269"}],"curies":[{"name":"wp","href":"https:\/\/api.w.org\/{rel}","templated":true}]}}