{"id":1275,"date":"2025-03-13T18:17:09","date_gmt":"2025-03-13T17:17:09","guid":{"rendered":"https:\/\/www.chemicartf.pl\/?post_type=product&#038;p=1275"},"modified":"2025-03-13T18:18:43","modified_gmt":"2025-03-13T17:18:43","slug":"auto-dry","status":"publish","type":"product","link":"https:\/\/www.chemicartf.pl\/index.php\/product\/auto-dry\/","title":{"rendered":"AUTO DRY"},"content":{"rendered":"","protected":false},"excerpt":{"rendered":"<p><strong>Wosk osuszaj\u0105cy<\/strong><br \/>\nNowoczesny, p\u0142ynny koncentrat wosku o doskona\u0142ych w\u0142a\u015bciwo\u015bciach<br \/>\nosuszaj\u0105cych. Dobrze konserwuje karoseri\u0119 samochodu. Nadaje osuszonej<br \/>\npowierzchni po\u0142ysk. Jest przyjazny dla \u015brodowiska, nie zawiera silikonu oraz<br \/>\nrozpuszczalnik\u00f3w na bazie w\u0119glowodor\u00f3w. Bardzo wydajny w u\u017cyciu: zu\u017cycie<br \/>\nna jeden samoch\u00f3d wynosi oko\u0142o 15g.<\/p>\n<p><strong>Spos\u00f3b u\u017cycia:<\/strong><br \/>\nUrz\u0105dzenia z systemem wtryskiwaczy: rozcie\u0144czy\u0107 z wod\u0105 1:10; urz\u0105dzenie ustawi\u0107 w taki spos\u00f3b, aby zu\u017cycie na jeden pojazd wynios\u0142o oko\u0142o 15g.<br \/>\nUrz\u0105dzenie z pomp\u0105 dozuj\u0105c\u0105: u\u017cy\u0107 koncentratu.<\/p>\n","protected":false},"featured_media":1279,"comment_status":"open","ping_status":"closed","template":"","meta":[],"product_brand":[],"product_cat":[62,66],"product_tag":[],"class_list":{"0":"post-1275","1":"product","2":"type-product","3":"status-publish","4":"has-post-thumbnail","6":"product_cat-mycie-i-ochrona-lakieru","7":"product_cat-woski-i-pasty-polerskie","9":"first","10":"instock","11":"shipping-taxable","12":"purchasable","13":"product-type-variable"},"_links":{"self":[{"href":"https:\/\/www.chemicartf.pl\/index.php\/wp-json\/wp\/v2\/product\/1275","targetHints":{"allow":["GET"]}}],"collection":[{"href":"https:\/\/www.chemicartf.pl\/index.php\/wp-json\/wp\/v2\/product"}],"about":[{"href":"https:\/\/www.chemicartf.pl\/index.php\/wp-json\/wp\/v2\/types\/product"}],"replies":[{"embeddable":true,"href":"https:\/\/www.chemicartf.pl\/index.php\/wp-json\/wp\/v2\/comments?post=1275"}],"wp:featuredmedia":[{"embeddable":true,"href":"https:\/\/www.chemicartf.pl\/index.php\/wp-json\/wp\/v2\/media\/1279"}],"wp:attachment":[{"href":"https:\/\/www.chemicartf.pl\/index.php\/wp-json\/wp\/v2\/media?parent=1275"}],"wp:term":[{"taxonomy":"product_brand","embeddable":true,"href":"https:\/\/www.chemicartf.pl\/index.php\/wp-json\/wp\/v2\/product_brand?post=1275"},{"taxonomy":"product_cat","embeddable":true,"href":"https:\/\/www.chemicartf.pl\/index.php\/wp-json\/wp\/v2\/product_cat?post=1275"},{"taxonomy":"product_tag","embeddable":true,"href":"https:\/\/www.chemicartf.pl\/index.php\/wp-json\/wp\/v2\/product_tag?post=1275"}],"curies":[{"name":"wp","href":"https:\/\/api.w.org\/{rel}","templated":true}]}}