{"id":1281,"date":"2025-03-13T18:19:01","date_gmt":"2025-03-13T17:19:01","guid":{"rendered":"https:\/\/www.chemicartf.pl\/?post_type=product&#038;p=1281"},"modified":"2025-03-13T18:20:33","modified_gmt":"2025-03-13T17:20:33","slug":"auto-wax","status":"publish","type":"product","link":"https:\/\/www.chemicartf.pl\/index.php\/product\/auto-wax\/","title":{"rendered":"AUTO WAX"},"content":{"rendered":"","protected":false},"excerpt":{"rendered":"<p><strong>Nano wosk nab\u0142yszczaj\u0105cy i konserwuj\u0105cy<\/strong><br \/>\nKoncentrat wosku oparty na nanotechnologii. Ma doskona\u0142e w\u0142a\u015bciwo\u015bci<br \/>\nosuszaj\u0105ce. Pozostawia wysoki po\u0142ysk. Konserwuje powierzchni\u0119, pozwalaj\u0105c<br \/>\nna d\u0142ugotrwa\u0142\u0105 ochron\u0119 lakieru przed czynnikami atmosferycznymi.<br \/>\nPrzyjemnie pachnie.<\/p>\n<p><strong>Spos\u00f3b u\u017cycia:<\/strong><br \/>\nStosowa\u0107 5-10ml na pojazd.<\/p>\n","protected":false},"featured_media":1286,"comment_status":"open","ping_status":"closed","template":"","meta":[],"product_brand":[],"product_cat":[62,66],"product_tag":[],"class_list":{"0":"post-1281","1":"product","2":"type-product","3":"status-publish","4":"has-post-thumbnail","6":"product_cat-mycie-i-ochrona-lakieru","7":"product_cat-woski-i-pasty-polerskie","9":"first","10":"instock","11":"shipping-taxable","12":"purchasable","13":"product-type-variable"},"_links":{"self":[{"href":"https:\/\/www.chemicartf.pl\/index.php\/wp-json\/wp\/v2\/product\/1281","targetHints":{"allow":["GET"]}}],"collection":[{"href":"https:\/\/www.chemicartf.pl\/index.php\/wp-json\/wp\/v2\/product"}],"about":[{"href":"https:\/\/www.chemicartf.pl\/index.php\/wp-json\/wp\/v2\/types\/product"}],"replies":[{"embeddable":true,"href":"https:\/\/www.chemicartf.pl\/index.php\/wp-json\/wp\/v2\/comments?post=1281"}],"wp:featuredmedia":[{"embeddable":true,"href":"https:\/\/www.chemicartf.pl\/index.php\/wp-json\/wp\/v2\/media\/1286"}],"wp:attachment":[{"href":"https:\/\/www.chemicartf.pl\/index.php\/wp-json\/wp\/v2\/media?parent=1281"}],"wp:term":[{"taxonomy":"product_brand","embeddable":true,"href":"https:\/\/www.chemicartf.pl\/index.php\/wp-json\/wp\/v2\/product_brand?post=1281"},{"taxonomy":"product_cat","embeddable":true,"href":"https:\/\/www.chemicartf.pl\/index.php\/wp-json\/wp\/v2\/product_cat?post=1281"},{"taxonomy":"product_tag","embeddable":true,"href":"https:\/\/www.chemicartf.pl\/index.php\/wp-json\/wp\/v2\/product_tag?post=1281"}],"curies":[{"name":"wp","href":"https:\/\/api.w.org\/{rel}","templated":true}]}}