{"id":1317,"date":"2025-03-13T18:28:54","date_gmt":"2025-03-13T17:28:54","guid":{"rendered":"https:\/\/www.chemicartf.pl\/?post_type=product&#038;p=1317"},"modified":"2025-03-13T18:30:02","modified_gmt":"2025-03-13T17:30:02","slug":"stone-remover","status":"publish","type":"product","link":"https:\/\/www.chemicartf.pl\/index.php\/product\/stone-remover\/","title":{"rendered":"STONE REMOVER"},"content":{"rendered":"","protected":false},"excerpt":{"rendered":"<p><strong>Preparat do usuwania betonu<\/strong><br \/>\n\u015arodek specjalnego przeznaczenia, skutecznie usuwaj\u0105cy beton oraz jego\u00a0pochodne. Ma szerokie zastosowanie, czy\u015bci maszyny budowlane, betoniarki,\u00a0mieszalniki betonowe, deski murarskie, maszyny brukarskie, r\u0119czne\u00a0narz\u0119dzia.<\/p>\n<p><strong>Spos\u00f3b u\u017cycia:<\/strong><br \/>\nMyj\u0105ce urz\u0105dzenia wysokoci\u015bnieniowe: rozcie\u0144czy\u0107 z wod\u0105 1: 10; sp\u0142uka\u0107.<\/p>\n","protected":false},"featured_media":1322,"comment_status":"open","ping_status":"closed","template":"","meta":[],"product_brand":[],"product_cat":[63],"product_tag":[],"class_list":{"0":"post-1317","1":"product","2":"type-product","3":"status-publish","4":"has-post-thumbnail","6":"product_cat-preparaty-specjalistyczne","8":"first","9":"instock","10":"shipping-taxable","11":"purchasable","12":"product-type-variable"},"_links":{"self":[{"href":"https:\/\/www.chemicartf.pl\/index.php\/wp-json\/wp\/v2\/product\/1317","targetHints":{"allow":["GET"]}}],"collection":[{"href":"https:\/\/www.chemicartf.pl\/index.php\/wp-json\/wp\/v2\/product"}],"about":[{"href":"https:\/\/www.chemicartf.pl\/index.php\/wp-json\/wp\/v2\/types\/product"}],"replies":[{"embeddable":true,"href":"https:\/\/www.chemicartf.pl\/index.php\/wp-json\/wp\/v2\/comments?post=1317"}],"wp:featuredmedia":[{"embeddable":true,"href":"https:\/\/www.chemicartf.pl\/index.php\/wp-json\/wp\/v2\/media\/1322"}],"wp:attachment":[{"href":"https:\/\/www.chemicartf.pl\/index.php\/wp-json\/wp\/v2\/media?parent=1317"}],"wp:term":[{"taxonomy":"product_brand","embeddable":true,"href":"https:\/\/www.chemicartf.pl\/index.php\/wp-json\/wp\/v2\/product_brand?post=1317"},{"taxonomy":"product_cat","embeddable":true,"href":"https:\/\/www.chemicartf.pl\/index.php\/wp-json\/wp\/v2\/product_cat?post=1317"},{"taxonomy":"product_tag","embeddable":true,"href":"https:\/\/www.chemicartf.pl\/index.php\/wp-json\/wp\/v2\/product_tag?post=1317"}],"curies":[{"name":"wp","href":"https:\/\/api.w.org\/{rel}","templated":true}]}}