{"id":1323,"date":"2025-03-13T18:30:21","date_gmt":"2025-03-13T17:30:21","guid":{"rendered":"https:\/\/www.chemicartf.pl\/?post_type=product&#038;p=1323"},"modified":"2025-03-13T18:31:34","modified_gmt":"2025-03-13T17:31:34","slug":"tar-remover","status":"publish","type":"product","link":"https:\/\/www.chemicartf.pl\/index.php\/product\/tar-remover\/","title":{"rendered":"TAR REMOVER"},"content":{"rendered":"","protected":false},"excerpt":{"rendered":"<p><strong>Preparat do usuwania smo\u0142y i kleju<\/strong><br \/>\nRozpuszczalnik emulsyjny radz\u0105cy sobie z ci\u0119\u017ckimi zabrudzeniami. Specjalna<br \/>\nformu\u0142a oparta na w\u0119glowodorze doskonale rozpuszcza smo\u0142\u0119, oleje i inne<br \/>\nzabrudzenia. Idealny do czyszczenia silnika, podwozia, cz\u0119\u015bci maszyn, \u015blad\u00f3w<br \/>\npozostawionych przez ko\u0142a np. w\u00f3zk\u00f3w wid\u0142owych.<\/p>\n<p><strong>Spos\u00f3b u\u017cycia:<\/strong><br \/>\nNanie\u015b\u0107 z u\u017cyciem opryskiwacza. Rozprowadzi\u0107 za pomoc\u0105 g\u0105bki lub szczotki. Po kilku minutach dok\u0142adnie sp\u0142uka\u0107.<\/p>\n<p><a href=\"http:\/\/easy-wash.pl\/images\/PDF\/019%20Tar%20Remover.pdf\" target=\"_blank\" rel=\"noopener\">\u00a0<\/a><\/p>\n","protected":false},"featured_media":1328,"comment_status":"open","ping_status":"closed","template":"","meta":[],"product_brand":[],"product_cat":[63],"product_tag":[],"class_list":{"0":"post-1323","1":"product","2":"type-product","3":"status-publish","4":"has-post-thumbnail","6":"product_cat-preparaty-specjalistyczne","8":"first","9":"instock","10":"shipping-taxable","11":"purchasable","12":"product-type-variable"},"_links":{"self":[{"href":"https:\/\/www.chemicartf.pl\/index.php\/wp-json\/wp\/v2\/product\/1323","targetHints":{"allow":["GET"]}}],"collection":[{"href":"https:\/\/www.chemicartf.pl\/index.php\/wp-json\/wp\/v2\/product"}],"about":[{"href":"https:\/\/www.chemicartf.pl\/index.php\/wp-json\/wp\/v2\/types\/product"}],"replies":[{"embeddable":true,"href":"https:\/\/www.chemicartf.pl\/index.php\/wp-json\/wp\/v2\/comments?post=1323"}],"wp:featuredmedia":[{"embeddable":true,"href":"https:\/\/www.chemicartf.pl\/index.php\/wp-json\/wp\/v2\/media\/1328"}],"wp:attachment":[{"href":"https:\/\/www.chemicartf.pl\/index.php\/wp-json\/wp\/v2\/media?parent=1323"}],"wp:term":[{"taxonomy":"product_brand","embeddable":true,"href":"https:\/\/www.chemicartf.pl\/index.php\/wp-json\/wp\/v2\/product_brand?post=1323"},{"taxonomy":"product_cat","embeddable":true,"href":"https:\/\/www.chemicartf.pl\/index.php\/wp-json\/wp\/v2\/product_cat?post=1323"},{"taxonomy":"product_tag","embeddable":true,"href":"https:\/\/www.chemicartf.pl\/index.php\/wp-json\/wp\/v2\/product_tag?post=1323"}],"curies":[{"name":"wp","href":"https:\/\/api.w.org\/{rel}","templated":true}]}}