{"id":1360,"date":"2025-03-13T18:40:22","date_gmt":"2025-03-13T17:40:22","guid":{"rendered":"https:\/\/www.chemicartf.pl\/?post_type=product&#038;p=1360"},"modified":"2025-03-13T18:41:23","modified_gmt":"2025-03-13T17:41:23","slug":"ozi","status":"publish","type":"product","link":"https:\/\/www.chemicartf.pl\/index.php\/product\/ozi\/","title":{"rendered":"OZI"},"content":{"rendered":"","protected":false},"excerpt":{"rendered":"<p><strong>P\u0142yn do r\u0119cznego i maszynowego\u00a0mycia pod\u0142\u00f3g<\/strong><\/p>\n<p>Preparat skutecznie czy\u015bci\u00a0 pod\u0142ogi oraz inne powierzchnie (np.kafelki), przywraca im blask, pozostawiaj\u0105c na d\u0142ugo przyjemny zapach.<\/p>\n<p>Bardzo wydajny: od\u00a0 20ml do 50ml na 10 litr\u00f3w wody.<\/p>\n<p><strong>Spos\u00f3b u\u017cycia:<\/strong><\/p>\n<p>Rozcie\u0144czy\u0107 z wod\u0105, w zale\u017cno\u015bci od stopnia zabrudzenia u\u017cy\u0107 od 20ml do 50 ml na 10 litr\u00f3w wody.<\/p>\n<p>Stosowa\u0107 si\u0119 do instrukcji producenta urz\u0105dzenia szoruj\u0105cego.<\/p>\n","protected":false},"featured_media":1362,"comment_status":"open","ping_status":"closed","template":"","meta":[],"product_brand":[],"product_cat":[67],"product_tag":[],"class_list":{"0":"post-1360","1":"product","2":"type-product","3":"status-publish","4":"has-post-thumbnail","6":"product_cat-preparaty-czyszczace","8":"first","9":"instock","10":"shipping-taxable","11":"purchasable","12":"product-type-simple"},"_links":{"self":[{"href":"https:\/\/www.chemicartf.pl\/index.php\/wp-json\/wp\/v2\/product\/1360","targetHints":{"allow":["GET"]}}],"collection":[{"href":"https:\/\/www.chemicartf.pl\/index.php\/wp-json\/wp\/v2\/product"}],"about":[{"href":"https:\/\/www.chemicartf.pl\/index.php\/wp-json\/wp\/v2\/types\/product"}],"replies":[{"embeddable":true,"href":"https:\/\/www.chemicartf.pl\/index.php\/wp-json\/wp\/v2\/comments?post=1360"}],"wp:featuredmedia":[{"embeddable":true,"href":"https:\/\/www.chemicartf.pl\/index.php\/wp-json\/wp\/v2\/media\/1362"}],"wp:attachment":[{"href":"https:\/\/www.chemicartf.pl\/index.php\/wp-json\/wp\/v2\/media?parent=1360"}],"wp:term":[{"taxonomy":"product_brand","embeddable":true,"href":"https:\/\/www.chemicartf.pl\/index.php\/wp-json\/wp\/v2\/product_brand?post=1360"},{"taxonomy":"product_cat","embeddable":true,"href":"https:\/\/www.chemicartf.pl\/index.php\/wp-json\/wp\/v2\/product_cat?post=1360"},{"taxonomy":"product_tag","embeddable":true,"href":"https:\/\/www.chemicartf.pl\/index.php\/wp-json\/wp\/v2\/product_tag?post=1360"}],"curies":[{"name":"wp","href":"https:\/\/api.w.org\/{rel}","templated":true}]}}