{"id":1363,"date":"2025-03-13T18:41:54","date_gmt":"2025-03-13T17:41:54","guid":{"rendered":"https:\/\/www.chemicartf.pl\/?post_type=product&#038;p=1363"},"modified":"2025-03-13T18:43:28","modified_gmt":"2025-03-13T17:43:28","slug":"vinyl","status":"publish","type":"product","link":"https:\/\/www.chemicartf.pl\/index.php\/product\/vinyl\/","title":{"rendered":"VINYL"},"content":{"rendered":"","protected":false},"excerpt":{"rendered":"<p><strong>Preparat do od\u015bwie\u017cenia tworzyw sztucznych oraz gumy<\/strong><br \/>\nTo preparat o doskona\u0142ych w\u0142a\u015bciwo\u015bciach konserwuj\u0105cych<br \/>\ni piel\u0119gnuj\u0105cych tworzywa sztuczne oraz gum\u0119. Poprawia wygl\u0105d matowych<br \/>\npowierzchni nadaj\u0105c im blask oraz chroni je przed dzia\u0142aniem czynnik\u00f3w<br \/>\natmosferycznych. Jest bardzo wydajny, d\u0142ugo pozostaje na konserwowanej<br \/>\npowierzchni. Nie jest t\u0142usty, co eliminuje przywieranie kurzu i brudu.<br \/>\nJest bezpieczny w stosowaniu, poniewa\u017c nie zawiera \u0142atwopalnych substancji.<\/p>\n<p><strong>Spos\u00f3b u\u017cycia:<\/strong><br \/>\nNanie\u015b\u0107 na czyszczon\u0105 powierzchnie przy u\u017cyciu mi\u0119kkiej \u015bciereczki; pozostawi\u0107 do wch\u0142oni\u0119cia.<\/p>\n","protected":false},"featured_media":1368,"comment_status":"open","ping_status":"closed","template":"","meta":[],"product_brand":[],"product_cat":[68],"product_tag":[],"class_list":{"0":"post-1363","1":"product","2":"type-product","3":"status-publish","4":"has-post-thumbnail","6":"product_cat-kosmetyki","8":"first","9":"instock","10":"shipping-taxable","11":"purchasable","12":"product-type-variable"},"_links":{"self":[{"href":"https:\/\/www.chemicartf.pl\/index.php\/wp-json\/wp\/v2\/product\/1363","targetHints":{"allow":["GET"]}}],"collection":[{"href":"https:\/\/www.chemicartf.pl\/index.php\/wp-json\/wp\/v2\/product"}],"about":[{"href":"https:\/\/www.chemicartf.pl\/index.php\/wp-json\/wp\/v2\/types\/product"}],"replies":[{"embeddable":true,"href":"https:\/\/www.chemicartf.pl\/index.php\/wp-json\/wp\/v2\/comments?post=1363"}],"wp:featuredmedia":[{"embeddable":true,"href":"https:\/\/www.chemicartf.pl\/index.php\/wp-json\/wp\/v2\/media\/1368"}],"wp:attachment":[{"href":"https:\/\/www.chemicartf.pl\/index.php\/wp-json\/wp\/v2\/media?parent=1363"}],"wp:term":[{"taxonomy":"product_brand","embeddable":true,"href":"https:\/\/www.chemicartf.pl\/index.php\/wp-json\/wp\/v2\/product_brand?post=1363"},{"taxonomy":"product_cat","embeddable":true,"href":"https:\/\/www.chemicartf.pl\/index.php\/wp-json\/wp\/v2\/product_cat?post=1363"},{"taxonomy":"product_tag","embeddable":true,"href":"https:\/\/www.chemicartf.pl\/index.php\/wp-json\/wp\/v2\/product_tag?post=1363"}],"curies":[{"name":"wp","href":"https:\/\/api.w.org\/{rel}","templated":true}]}}