{"id":1369,"date":"2025-03-13T18:43:56","date_gmt":"2025-03-13T17:43:56","guid":{"rendered":"https:\/\/www.chemicartf.pl\/?post_type=product&#038;p=1369"},"modified":"2025-03-13T18:44:57","modified_gmt":"2025-03-13T17:44:57","slug":"leather-balm","status":"publish","type":"product","link":"https:\/\/www.chemicartf.pl\/index.php\/product\/leather-balm\/","title":{"rendered":"LEATHER BALM"},"content":{"rendered":"","protected":false},"excerpt":{"rendered":"<p><strong>Preparat do konserwacji sk\u00f3ry<\/strong><br \/>\nBalsam o nowoczesnej formule skutecznie czy\u015bci wszystkie rodzaje sk\u00f3ry,<br \/>\npozostawiaj\u0105c j\u0105 mi\u0119kk\u0105 i pachn\u0105c\u0105. Przywraca zapach nowo zakupionego<br \/>\nz salonu samochodu. Sk\u0142adniki piel\u0119gnujace pozwalaj\u0105 na utrzymanie efektu<br \/>\nnaturalnego wygl\u0105du przez d\u0142ugi czas. Bardzo wydajny.<\/p>\n<p><strong>Spos\u00f3b u\u017cycia:<\/strong><br \/>\nNanie\u015b\u0107 na czyszczon\u0105 powierzchni\u0119 przy u\u017cyciu mi\u0119kkiej \u015bciereczki; pozostawi\u0107 do wch\u0142oni\u0119cia.<\/p>\n","protected":false},"featured_media":1374,"comment_status":"open","ping_status":"closed","template":"","meta":[],"product_brand":[],"product_cat":[68],"product_tag":[],"class_list":{"0":"post-1369","1":"product","2":"type-product","3":"status-publish","4":"has-post-thumbnail","6":"product_cat-kosmetyki","8":"first","9":"instock","10":"shipping-taxable","11":"purchasable","12":"product-type-variable"},"_links":{"self":[{"href":"https:\/\/www.chemicartf.pl\/index.php\/wp-json\/wp\/v2\/product\/1369","targetHints":{"allow":["GET"]}}],"collection":[{"href":"https:\/\/www.chemicartf.pl\/index.php\/wp-json\/wp\/v2\/product"}],"about":[{"href":"https:\/\/www.chemicartf.pl\/index.php\/wp-json\/wp\/v2\/types\/product"}],"replies":[{"embeddable":true,"href":"https:\/\/www.chemicartf.pl\/index.php\/wp-json\/wp\/v2\/comments?post=1369"}],"wp:featuredmedia":[{"embeddable":true,"href":"https:\/\/www.chemicartf.pl\/index.php\/wp-json\/wp\/v2\/media\/1374"}],"wp:attachment":[{"href":"https:\/\/www.chemicartf.pl\/index.php\/wp-json\/wp\/v2\/media?parent=1369"}],"wp:term":[{"taxonomy":"product_brand","embeddable":true,"href":"https:\/\/www.chemicartf.pl\/index.php\/wp-json\/wp\/v2\/product_brand?post=1369"},{"taxonomy":"product_cat","embeddable":true,"href":"https:\/\/www.chemicartf.pl\/index.php\/wp-json\/wp\/v2\/product_cat?post=1369"},{"taxonomy":"product_tag","embeddable":true,"href":"https:\/\/www.chemicartf.pl\/index.php\/wp-json\/wp\/v2\/product_tag?post=1369"}],"curies":[{"name":"wp","href":"https:\/\/api.w.org\/{rel}","templated":true}]}}