{"id":1375,"date":"2025-03-13T18:45:12","date_gmt":"2025-03-13T17:45:12","guid":{"rendered":"https:\/\/www.chemicartf.pl\/?post_type=product&#038;p=1375"},"modified":"2025-03-13T18:46:34","modified_gmt":"2025-03-13T17:46:34","slug":"cocpit-protect","status":"publish","type":"product","link":"https:\/\/www.chemicartf.pl\/index.php\/product\/cocpit-protect\/","title":{"rendered":"COCPIT PROTECT"},"content":{"rendered":"","protected":false},"excerpt":{"rendered":"<p><strong>Preparat do od\u015bwie\u017cenia tworzyw sztucznych<\/strong><br \/>\nPreparat o szerokim zastosowaniu. Doskonale czy\u015bci wn\u0119trze samochodu m.in. desk\u0119<br \/>\nrozdzielcz\u0105, plastiki, obicia. Skutecznie konserwuje czyszczone powierzchnie, pozostawiaj\u0105c delikatny po\u0142ysk. Piel\u0119gnuje tworzywa sztuczne, nie pozostawiaj\u0105c t\u0142ustego nalotu. Wn\u0119trze uzyskuje delikatny zapach nowego samochodu. Nie zawiera silikonu oraz rozpuszczalnik\u00f3w. D\u0142ugo pozostaje na czyszczonej powierzchni, zapobiega osadzaniu si\u0119 kurzu i brudu.<\/p>\n<p><strong>Spos\u00f3b u\u017cycia:<\/strong><br \/>\nNanie\u015b\u0107 na umyt\u0105 i osuszon\u0105 powierzchni\u0119 za pomoc\u0105 g\u0105bki lub spryskiwacza; pozostawi\u0107 do wyschni\u0119cia.<\/p>\n","protected":false},"featured_media":1379,"comment_status":"open","ping_status":"closed","template":"","meta":[],"product_brand":[],"product_cat":[68],"product_tag":[],"class_list":{"0":"post-1375","1":"product","2":"type-product","3":"status-publish","4":"has-post-thumbnail","6":"product_cat-kosmetyki","8":"first","9":"instock","10":"shipping-taxable","11":"purchasable","12":"product-type-variable"},"_links":{"self":[{"href":"https:\/\/www.chemicartf.pl\/index.php\/wp-json\/wp\/v2\/product\/1375","targetHints":{"allow":["GET"]}}],"collection":[{"href":"https:\/\/www.chemicartf.pl\/index.php\/wp-json\/wp\/v2\/product"}],"about":[{"href":"https:\/\/www.chemicartf.pl\/index.php\/wp-json\/wp\/v2\/types\/product"}],"replies":[{"embeddable":true,"href":"https:\/\/www.chemicartf.pl\/index.php\/wp-json\/wp\/v2\/comments?post=1375"}],"wp:featuredmedia":[{"embeddable":true,"href":"https:\/\/www.chemicartf.pl\/index.php\/wp-json\/wp\/v2\/media\/1379"}],"wp:attachment":[{"href":"https:\/\/www.chemicartf.pl\/index.php\/wp-json\/wp\/v2\/media?parent=1375"}],"wp:term":[{"taxonomy":"product_brand","embeddable":true,"href":"https:\/\/www.chemicartf.pl\/index.php\/wp-json\/wp\/v2\/product_brand?post=1375"},{"taxonomy":"product_cat","embeddable":true,"href":"https:\/\/www.chemicartf.pl\/index.php\/wp-json\/wp\/v2\/product_cat?post=1375"},{"taxonomy":"product_tag","embeddable":true,"href":"https:\/\/www.chemicartf.pl\/index.php\/wp-json\/wp\/v2\/product_tag?post=1375"}],"curies":[{"name":"wp","href":"https:\/\/api.w.org\/{rel}","templated":true}]}}