{"id":1381,"date":"2025-03-13T23:51:57","date_gmt":"2025-03-13T22:51:57","guid":{"rendered":"https:\/\/www.chemicartf.pl\/?post_type=product&#038;p=1381"},"modified":"2025-03-13T23:54:05","modified_gmt":"2025-03-13T22:54:05","slug":"air-fresh","status":"publish","type":"product","link":"https:\/\/www.chemicartf.pl\/index.php\/product\/air-fresh\/","title":{"rendered":"AIR FRESH"},"content":{"rendered":"","protected":false},"excerpt":{"rendered":"<p><strong>Od\u015bwie\u017cacz powietrza<\/strong><\/p>\n<p>Od\u015bwie\u017cacz w czterech wersjach zapachowych: owoc\u00f3w egzotycznych, gumy &#8220;Donald&#8221;, zielonej herbaty oraz nowego samochodu. Skutecznie zwalcza nieprzyjemny zapach, tak\u017ce tytoniu.<\/p>\n<p>Przeznaczony do stosowania w samochodach, pomieszczeniach\u00a0biurowych, toaletach.<\/p>\n<p>SPOS\u00d3B U\u017bYCIA:<\/p>\n<p>\u015arodek gotowy do u\u017cycia.<\/p>\n<p>Rozpyli\u0107 za pomoc\u0105 atomizera.<\/p>\n","protected":false},"featured_media":1386,"comment_status":"open","ping_status":"closed","template":"","meta":[],"product_brand":[],"product_cat":[68],"product_tag":[],"class_list":{"0":"post-1381","1":"product","2":"type-product","3":"status-publish","4":"has-post-thumbnail","6":"product_cat-kosmetyki","8":"first","9":"instock","10":"shipping-taxable","11":"purchasable","12":"product-type-variable"},"_links":{"self":[{"href":"https:\/\/www.chemicartf.pl\/index.php\/wp-json\/wp\/v2\/product\/1381","targetHints":{"allow":["GET"]}}],"collection":[{"href":"https:\/\/www.chemicartf.pl\/index.php\/wp-json\/wp\/v2\/product"}],"about":[{"href":"https:\/\/www.chemicartf.pl\/index.php\/wp-json\/wp\/v2\/types\/product"}],"replies":[{"embeddable":true,"href":"https:\/\/www.chemicartf.pl\/index.php\/wp-json\/wp\/v2\/comments?post=1381"}],"wp:featuredmedia":[{"embeddable":true,"href":"https:\/\/www.chemicartf.pl\/index.php\/wp-json\/wp\/v2\/media\/1386"}],"wp:attachment":[{"href":"https:\/\/www.chemicartf.pl\/index.php\/wp-json\/wp\/v2\/media?parent=1381"}],"wp:term":[{"taxonomy":"product_brand","embeddable":true,"href":"https:\/\/www.chemicartf.pl\/index.php\/wp-json\/wp\/v2\/product_brand?post=1381"},{"taxonomy":"product_cat","embeddable":true,"href":"https:\/\/www.chemicartf.pl\/index.php\/wp-json\/wp\/v2\/product_cat?post=1381"},{"taxonomy":"product_tag","embeddable":true,"href":"https:\/\/www.chemicartf.pl\/index.php\/wp-json\/wp\/v2\/product_tag?post=1381"}],"curies":[{"name":"wp","href":"https:\/\/api.w.org\/{rel}","templated":true}]}}