{"id":1408,"date":"2025-03-14T00:03:44","date_gmt":"2025-03-13T23:03:44","guid":{"rendered":"https:\/\/www.chemicartf.pl\/?post_type=product&#038;p=1408"},"modified":"2025-03-14T11:50:43","modified_gmt":"2025-03-14T10:50:43","slug":"air-fresh-2","status":"publish","type":"product","link":"https:\/\/www.chemicartf.pl\/index.php\/product\/air-fresh-2\/","title":{"rendered":"AIR FRESH"},"content":{"rendered":"","protected":false},"excerpt":{"rendered":"<p>NERTA AIR FRESH to dodatek na bazie ekstrakt\u00f3w z owoc\u00f3w pomara\u0144czy do neutralizowania nieprzyjemnych zapach\u00f3w.<\/p>\n","protected":false},"featured_media":1414,"comment_status":"closed","ping_status":"closed","template":"","meta":[],"product_brand":[],"product_cat":[81,80,69,75,86,77,88,78,89],"product_tag":[],"class_list":{"0":"post-1408","1":"product","2":"type-product","3":"status-publish","4":"has-post-thumbnail","6":"product_cat-cysterny-i-silosy","7":"product_cat-mycie-ciezarowek","8":"product_cat-pielegnacja-pojazdu","9":"product_cat-produkty-specjalne","10":"product_cat-produkty-specjalne-mycie-ciezarowek","11":"product_cat-uzdatnianie-wody","12":"product_cat-uzdatnianie-wody-mycie-ciezarowek","13":"product_cat-warsztat-i-obiekt","14":"product_cat-warsztat-i-obiekt-mycie-ciezarowek","16":"first","17":"instock","18":"shipping-taxable","19":"purchasable","20":"product-type-variable"},"_links":{"self":[{"href":"https:\/\/www.chemicartf.pl\/index.php\/wp-json\/wp\/v2\/product\/1408","targetHints":{"allow":["GET"]}}],"collection":[{"href":"https:\/\/www.chemicartf.pl\/index.php\/wp-json\/wp\/v2\/product"}],"about":[{"href":"https:\/\/www.chemicartf.pl\/index.php\/wp-json\/wp\/v2\/types\/product"}],"replies":[{"embeddable":true,"href":"https:\/\/www.chemicartf.pl\/index.php\/wp-json\/wp\/v2\/comments?post=1408"}],"wp:featuredmedia":[{"embeddable":true,"href":"https:\/\/www.chemicartf.pl\/index.php\/wp-json\/wp\/v2\/media\/1414"}],"wp:attachment":[{"href":"https:\/\/www.chemicartf.pl\/index.php\/wp-json\/wp\/v2\/media?parent=1408"}],"wp:term":[{"taxonomy":"product_brand","embeddable":true,"href":"https:\/\/www.chemicartf.pl\/index.php\/wp-json\/wp\/v2\/product_brand?post=1408"},{"taxonomy":"product_cat","embeddable":true,"href":"https:\/\/www.chemicartf.pl\/index.php\/wp-json\/wp\/v2\/product_cat?post=1408"},{"taxonomy":"product_tag","embeddable":true,"href":"https:\/\/www.chemicartf.pl\/index.php\/wp-json\/wp\/v2\/product_tag?post=1408"}],"curies":[{"name":"wp","href":"https:\/\/api.w.org\/{rel}","templated":true}]}}