{"id":1415,"date":"2025-03-14T00:04:18","date_gmt":"2025-03-13T23:04:18","guid":{"rendered":"https:\/\/www.chemicartf.pl\/?post_type=product&#038;p=1415"},"modified":"2025-03-14T11:45:53","modified_gmt":"2025-03-14T10:45:53","slug":"alunet","status":"publish","type":"product","link":"https:\/\/www.chemicartf.pl\/index.php\/product\/alunet\/","title":{"rendered":"ALUNET"},"content":{"rendered":"","protected":false},"excerpt":{"rendered":"<p>NERTA ALUNET \u00a0jest kwa\u015bnym, wszechstronnym \u015brodkiem czyszcz\u0105cym, przeznaczonym dla kwasoodpornych powierzchni i materia\u0142\u00f3w, na bazie kwasu fosforowego.<\/p>\n","protected":false},"featured_media":1421,"comment_status":"closed","ping_status":"closed","template":"","meta":[],"product_brand":[],"product_cat":[81,80,69,75,86],"product_tag":[],"class_list":{"0":"post-1415","1":"product","2":"type-product","3":"status-publish","4":"has-post-thumbnail","6":"product_cat-cysterny-i-silosy","7":"product_cat-mycie-ciezarowek","8":"product_cat-pielegnacja-pojazdu","9":"product_cat-produkty-specjalne","10":"product_cat-produkty-specjalne-mycie-ciezarowek","12":"first","13":"instock","14":"shipping-taxable","15":"purchasable","16":"product-type-variable"},"_links":{"self":[{"href":"https:\/\/www.chemicartf.pl\/index.php\/wp-json\/wp\/v2\/product\/1415","targetHints":{"allow":["GET"]}}],"collection":[{"href":"https:\/\/www.chemicartf.pl\/index.php\/wp-json\/wp\/v2\/product"}],"about":[{"href":"https:\/\/www.chemicartf.pl\/index.php\/wp-json\/wp\/v2\/types\/product"}],"replies":[{"embeddable":true,"href":"https:\/\/www.chemicartf.pl\/index.php\/wp-json\/wp\/v2\/comments?post=1415"}],"wp:featuredmedia":[{"embeddable":true,"href":"https:\/\/www.chemicartf.pl\/index.php\/wp-json\/wp\/v2\/media\/1421"}],"wp:attachment":[{"href":"https:\/\/www.chemicartf.pl\/index.php\/wp-json\/wp\/v2\/media?parent=1415"}],"wp:term":[{"taxonomy":"product_brand","embeddable":true,"href":"https:\/\/www.chemicartf.pl\/index.php\/wp-json\/wp\/v2\/product_brand?post=1415"},{"taxonomy":"product_cat","embeddable":true,"href":"https:\/\/www.chemicartf.pl\/index.php\/wp-json\/wp\/v2\/product_cat?post=1415"},{"taxonomy":"product_tag","embeddable":true,"href":"https:\/\/www.chemicartf.pl\/index.php\/wp-json\/wp\/v2\/product_tag?post=1415"}],"curies":[{"name":"wp","href":"https:\/\/api.w.org\/{rel}","templated":true}]}}