{"id":1466,"date":"2025-03-14T00:15:30","date_gmt":"2025-03-13T23:15:30","guid":{"rendered":"https:\/\/www.chemicartf.pl\/?post_type=product&#038;p=1466"},"modified":"2025-03-14T11:35:13","modified_gmt":"2025-03-14T10:35:13","slug":"atc-400","status":"publish","type":"product","link":"https:\/\/www.chemicartf.pl\/index.php\/product\/atc-400\/","title":{"rendered":"ATC 400"},"content":{"rendered":"","protected":false},"excerpt":{"rendered":"<p>Silny kwasowy \u015brodek czyszcz\u0105cy do mycia felg, zbiornik\u00f3w, cystern wewn\u0105trz, \u015bcian oraz baner\u00f3w.<\/p>\n","protected":false},"featured_media":1472,"comment_status":"closed","ping_status":"closed","template":"","meta":[],"product_brand":[],"product_cat":[81,71,83,80,69],"product_tag":[],"class_list":{"0":"post-1466","1":"product","2":"type-product","3":"status-publish","4":"has-post-thumbnail","6":"product_cat-cysterny-i-silosy","7":"product_cat-kola","8":"product_cat-kola-mycie-ciezarowek","9":"product_cat-mycie-ciezarowek","10":"product_cat-pielegnacja-pojazdu","12":"first","13":"instock","14":"shipping-taxable","15":"purchasable","16":"product-type-simple"},"_links":{"self":[{"href":"https:\/\/www.chemicartf.pl\/index.php\/wp-json\/wp\/v2\/product\/1466","targetHints":{"allow":["GET"]}}],"collection":[{"href":"https:\/\/www.chemicartf.pl\/index.php\/wp-json\/wp\/v2\/product"}],"about":[{"href":"https:\/\/www.chemicartf.pl\/index.php\/wp-json\/wp\/v2\/types\/product"}],"replies":[{"embeddable":true,"href":"https:\/\/www.chemicartf.pl\/index.php\/wp-json\/wp\/v2\/comments?post=1466"}],"wp:featuredmedia":[{"embeddable":true,"href":"https:\/\/www.chemicartf.pl\/index.php\/wp-json\/wp\/v2\/media\/1472"}],"wp:attachment":[{"href":"https:\/\/www.chemicartf.pl\/index.php\/wp-json\/wp\/v2\/media?parent=1466"}],"wp:term":[{"taxonomy":"product_brand","embeddable":true,"href":"https:\/\/www.chemicartf.pl\/index.php\/wp-json\/wp\/v2\/product_brand?post=1466"},{"taxonomy":"product_cat","embeddable":true,"href":"https:\/\/www.chemicartf.pl\/index.php\/wp-json\/wp\/v2\/product_cat?post=1466"},{"taxonomy":"product_tag","embeddable":true,"href":"https:\/\/www.chemicartf.pl\/index.php\/wp-json\/wp\/v2\/product_tag?post=1466"}],"curies":[{"name":"wp","href":"https:\/\/api.w.org\/{rel}","templated":true}]}}