{"id":1553,"date":"2025-03-14T00:32:52","date_gmt":"2025-03-13T23:32:52","guid":{"rendered":"https:\/\/www.chemicartf.pl\/?post_type=product&#038;p=1553"},"modified":"2025-03-14T11:38:41","modified_gmt":"2025-03-14T10:38:41","slug":"high-foam-cleaner","status":"publish","type":"product","link":"https:\/\/www.chemicartf.pl\/index.php\/product\/high-foam-cleaner\/","title":{"rendered":"HIGH FOAM CLEANER"},"content":{"rendered":"","protected":false},"excerpt":{"rendered":"<p>NERTA HIGH FOAM CLEANER to skoncentrowany, zasadowy, pieni\u0105cy si\u0119 \u015brodek do mycia wst\u0119pnego wszystkich rodzaj\u00f3w pojazd\u00f3w. Usuwa owady, ma \u015bwie\u017cy zapach, tworzy stabiln\u0105 pian\u0119.<\/p>\n","protected":false},"featured_media":1567,"comment_status":"closed","ping_status":"closed","template":"","meta":[],"product_brand":[],"product_cat":[80,72,84,69],"product_tag":[],"class_list":{"0":"post-1553","1":"product","2":"type-product","3":"status-publish","4":"has-post-thumbnail","6":"product_cat-mycie-ciezarowek","7":"product_cat-mycie-wstepne","8":"product_cat-mycie-wstepne-mycie-ciezarowek","9":"product_cat-pielegnacja-pojazdu","11":"first","12":"instock","13":"shipping-taxable","14":"purchasable","15":"product-type-variable","16":"has-default-attributes"},"_links":{"self":[{"href":"https:\/\/www.chemicartf.pl\/index.php\/wp-json\/wp\/v2\/product\/1553","targetHints":{"allow":["GET"]}}],"collection":[{"href":"https:\/\/www.chemicartf.pl\/index.php\/wp-json\/wp\/v2\/product"}],"about":[{"href":"https:\/\/www.chemicartf.pl\/index.php\/wp-json\/wp\/v2\/types\/product"}],"replies":[{"embeddable":true,"href":"https:\/\/www.chemicartf.pl\/index.php\/wp-json\/wp\/v2\/comments?post=1553"}],"wp:featuredmedia":[{"embeddable":true,"href":"https:\/\/www.chemicartf.pl\/index.php\/wp-json\/wp\/v2\/media\/1567"}],"wp:attachment":[{"href":"https:\/\/www.chemicartf.pl\/index.php\/wp-json\/wp\/v2\/media?parent=1553"}],"wp:term":[{"taxonomy":"product_brand","embeddable":true,"href":"https:\/\/www.chemicartf.pl\/index.php\/wp-json\/wp\/v2\/product_brand?post=1553"},{"taxonomy":"product_cat","embeddable":true,"href":"https:\/\/www.chemicartf.pl\/index.php\/wp-json\/wp\/v2\/product_cat?post=1553"},{"taxonomy":"product_tag","embeddable":true,"href":"https:\/\/www.chemicartf.pl\/index.php\/wp-json\/wp\/v2\/product_tag?post=1553"}],"curies":[{"name":"wp","href":"https:\/\/api.w.org\/{rel}","templated":true}]}}