{"id":1579,"date":"2025-03-14T00:50:18","date_gmt":"2025-03-13T23:50:18","guid":{"rendered":"https:\/\/www.chemicartf.pl\/?post_type=product&#038;p=1579"},"modified":"2025-03-14T11:46:53","modified_gmt":"2025-03-14T10:46:53","slug":"interior-cleaner","status":"publish","type":"product","link":"https:\/\/www.chemicartf.pl\/index.php\/product\/interior-cleaner\/","title":{"rendered":"INTERIOR CLEANER"},"content":{"rendered":"","protected":false},"excerpt":{"rendered":"<p>NERTA INTERIOR CLEANER to silny \u015brodek, czyszcz\u0105cy tekstylne i syntetyczne powierzchnie wn\u0119trza samochodu. Z \u0142atwo\u015bci\u0105 usuwa brud, smar, kurz, nikotyn\u0119 itp., dzia\u0142a antystatycznie. Pierze i odplamia tapicerk\u0119 samochodow\u0105.<\/p>\n","protected":false},"featured_media":1565,"comment_status":"closed","ping_status":"closed","template":"","meta":[],"product_brand":[],"product_cat":[80,69,75,86],"product_tag":[],"class_list":{"0":"post-1579","1":"product","2":"type-product","3":"status-publish","4":"has-post-thumbnail","6":"product_cat-mycie-ciezarowek","7":"product_cat-pielegnacja-pojazdu","8":"product_cat-produkty-specjalne","9":"product_cat-produkty-specjalne-mycie-ciezarowek","11":"first","12":"instock","13":"shipping-taxable","14":"purchasable","15":"product-type-variable","16":"has-default-attributes"},"_links":{"self":[{"href":"https:\/\/www.chemicartf.pl\/index.php\/wp-json\/wp\/v2\/product\/1579","targetHints":{"allow":["GET"]}}],"collection":[{"href":"https:\/\/www.chemicartf.pl\/index.php\/wp-json\/wp\/v2\/product"}],"about":[{"href":"https:\/\/www.chemicartf.pl\/index.php\/wp-json\/wp\/v2\/types\/product"}],"replies":[{"embeddable":true,"href":"https:\/\/www.chemicartf.pl\/index.php\/wp-json\/wp\/v2\/comments?post=1579"}],"wp:featuredmedia":[{"embeddable":true,"href":"https:\/\/www.chemicartf.pl\/index.php\/wp-json\/wp\/v2\/media\/1565"}],"wp:attachment":[{"href":"https:\/\/www.chemicartf.pl\/index.php\/wp-json\/wp\/v2\/media?parent=1579"}],"wp:term":[{"taxonomy":"product_brand","embeddable":true,"href":"https:\/\/www.chemicartf.pl\/index.php\/wp-json\/wp\/v2\/product_brand?post=1579"},{"taxonomy":"product_cat","embeddable":true,"href":"https:\/\/www.chemicartf.pl\/index.php\/wp-json\/wp\/v2\/product_cat?post=1579"},{"taxonomy":"product_tag","embeddable":true,"href":"https:\/\/www.chemicartf.pl\/index.php\/wp-json\/wp\/v2\/product_tag?post=1579"}],"curies":[{"name":"wp","href":"https:\/\/api.w.org\/{rel}","templated":true}]}}