{"id":1852,"date":"2025-04-08T18:47:16","date_gmt":"2025-04-08T16:47:16","guid":{"rendered":"https:\/\/www.chemicartf.pl\/?post_type=product&#038;p=1852"},"modified":"2025-04-08T18:51:07","modified_gmt":"2025-04-08T16:51:07","slug":"alkalinet-100","status":"publish","type":"product","link":"https:\/\/www.chemicartf.pl\/index.php\/product\/alkalinet-100\/","title":{"rendered":"ALKALINET 100"},"content":{"rendered":"","protected":false},"excerpt":{"rendered":"<p>NERTA ALKALINET 100 jest\u00a0 silnym, alkalicznym \u015brodkiem myj\u0105cym do usuwania silnych zabrudze\u0144 organicznych oraz sm\u00f3\u0142ki w\u0119dzarniczej w komorach w\u0119dzarniczych.<\/p>\n","protected":false},"featured_media":1854,"comment_status":"closed","ping_status":"closed","template":"","meta":[],"product_brand":[],"product_cat":[93,91],"product_tag":[],"class_list":{"0":"post-1852","1":"product","2":"type-product","3":"status-publish","4":"has-post-thumbnail","6":"product_cat-pianowanie-rolnictwo-i-przemysl-spozywczy","7":"product_cat-rolnictwo-i-przemysl-spozywczy","9":"first","10":"instock","11":"shipping-taxable","12":"purchasable","13":"product-type-variable"},"_links":{"self":[{"href":"https:\/\/www.chemicartf.pl\/index.php\/wp-json\/wp\/v2\/product\/1852","targetHints":{"allow":["GET"]}}],"collection":[{"href":"https:\/\/www.chemicartf.pl\/index.php\/wp-json\/wp\/v2\/product"}],"about":[{"href":"https:\/\/www.chemicartf.pl\/index.php\/wp-json\/wp\/v2\/types\/product"}],"replies":[{"embeddable":true,"href":"https:\/\/www.chemicartf.pl\/index.php\/wp-json\/wp\/v2\/comments?post=1852"}],"wp:featuredmedia":[{"embeddable":true,"href":"https:\/\/www.chemicartf.pl\/index.php\/wp-json\/wp\/v2\/media\/1854"}],"wp:attachment":[{"href":"https:\/\/www.chemicartf.pl\/index.php\/wp-json\/wp\/v2\/media?parent=1852"}],"wp:term":[{"taxonomy":"product_brand","embeddable":true,"href":"https:\/\/www.chemicartf.pl\/index.php\/wp-json\/wp\/v2\/product_brand?post=1852"},{"taxonomy":"product_cat","embeddable":true,"href":"https:\/\/www.chemicartf.pl\/index.php\/wp-json\/wp\/v2\/product_cat?post=1852"},{"taxonomy":"product_tag","embeddable":true,"href":"https:\/\/www.chemicartf.pl\/index.php\/wp-json\/wp\/v2\/product_tag?post=1852"}],"curies":[{"name":"wp","href":"https:\/\/api.w.org\/{rel}","templated":true}]}}