{"id":1881,"date":"2025-04-08T18:55:49","date_gmt":"2025-04-08T16:55:49","guid":{"rendered":"https:\/\/www.chemicartf.pl\/?post_type=product&#038;p=1881"},"modified":"2025-04-08T18:56:42","modified_gmt":"2025-04-08T16:56:42","slug":"alkalinet-50","status":"publish","type":"product","link":"https:\/\/www.chemicartf.pl\/index.php\/product\/alkalinet-50\/","title":{"rendered":"ALKALINET 50"},"content":{"rendered":"","protected":false},"excerpt":{"rendered":"<p>NERTA ALKALINET 50 jest alkalicznym pianowym preparatem myj\u0105cym i odt\u0142uszczaj\u0105cym do zastosowania w przemy\u015ble spo\u017cywczym.<\/p>\n","protected":false},"featured_media":1887,"comment_status":"closed","ping_status":"closed","template":"","meta":[],"product_brand":[],"product_cat":[93,91],"product_tag":[],"class_list":{"0":"post-1881","1":"product","2":"type-product","3":"status-publish","4":"has-post-thumbnail","6":"product_cat-pianowanie-rolnictwo-i-przemysl-spozywczy","7":"product_cat-rolnictwo-i-przemysl-spozywczy","9":"first","10":"instock","11":"shipping-taxable","12":"purchasable","13":"product-type-variable"},"_links":{"self":[{"href":"https:\/\/www.chemicartf.pl\/index.php\/wp-json\/wp\/v2\/product\/1881","targetHints":{"allow":["GET"]}}],"collection":[{"href":"https:\/\/www.chemicartf.pl\/index.php\/wp-json\/wp\/v2\/product"}],"about":[{"href":"https:\/\/www.chemicartf.pl\/index.php\/wp-json\/wp\/v2\/types\/product"}],"replies":[{"embeddable":true,"href":"https:\/\/www.chemicartf.pl\/index.php\/wp-json\/wp\/v2\/comments?post=1881"}],"wp:featuredmedia":[{"embeddable":true,"href":"https:\/\/www.chemicartf.pl\/index.php\/wp-json\/wp\/v2\/media\/1887"}],"wp:attachment":[{"href":"https:\/\/www.chemicartf.pl\/index.php\/wp-json\/wp\/v2\/media?parent=1881"}],"wp:term":[{"taxonomy":"product_brand","embeddable":true,"href":"https:\/\/www.chemicartf.pl\/index.php\/wp-json\/wp\/v2\/product_brand?post=1881"},{"taxonomy":"product_cat","embeddable":true,"href":"https:\/\/www.chemicartf.pl\/index.php\/wp-json\/wp\/v2\/product_cat?post=1881"},{"taxonomy":"product_tag","embeddable":true,"href":"https:\/\/www.chemicartf.pl\/index.php\/wp-json\/wp\/v2\/product_tag?post=1881"}],"curies":[{"name":"wp","href":"https:\/\/api.w.org\/{rel}","templated":true}]}}