{"id":1895,"date":"2025-04-08T18:58:22","date_gmt":"2025-04-08T16:58:22","guid":{"rendered":"https:\/\/www.chemicartf.pl\/?post_type=product&#038;p=1895"},"modified":"2025-04-08T18:59:10","modified_gmt":"2025-04-08T16:59:10","slug":"bac-cid-100","status":"publish","type":"product","link":"https:\/\/www.chemicartf.pl\/index.php\/product\/bac-cid-100\/","title":{"rendered":"BAC-CID 100"},"content":{"rendered":"","protected":false},"excerpt":{"rendered":"<p>NERTA BAC-CID 100 jest myj\u0105co \u2013 dezynfekuj\u0105cym \u015brodkiem przeznaczonym do u\u017cycia w przemy\u015ble spo\u017cywczym.<\/p>\n","protected":false},"featured_media":1901,"comment_status":"closed","ping_status":"closed","template":"","meta":[],"product_brand":[],"product_cat":[93,91],"product_tag":[],"class_list":{"0":"post-1895","1":"product","2":"type-product","3":"status-publish","4":"has-post-thumbnail","6":"product_cat-pianowanie-rolnictwo-i-przemysl-spozywczy","7":"product_cat-rolnictwo-i-przemysl-spozywczy","9":"first","10":"instock","11":"shipping-taxable","12":"purchasable","13":"product-type-variable"},"_links":{"self":[{"href":"https:\/\/www.chemicartf.pl\/index.php\/wp-json\/wp\/v2\/product\/1895","targetHints":{"allow":["GET"]}}],"collection":[{"href":"https:\/\/www.chemicartf.pl\/index.php\/wp-json\/wp\/v2\/product"}],"about":[{"href":"https:\/\/www.chemicartf.pl\/index.php\/wp-json\/wp\/v2\/types\/product"}],"replies":[{"embeddable":true,"href":"https:\/\/www.chemicartf.pl\/index.php\/wp-json\/wp\/v2\/comments?post=1895"}],"wp:featuredmedia":[{"embeddable":true,"href":"https:\/\/www.chemicartf.pl\/index.php\/wp-json\/wp\/v2\/media\/1901"}],"wp:attachment":[{"href":"https:\/\/www.chemicartf.pl\/index.php\/wp-json\/wp\/v2\/media?parent=1895"}],"wp:term":[{"taxonomy":"product_brand","embeddable":true,"href":"https:\/\/www.chemicartf.pl\/index.php\/wp-json\/wp\/v2\/product_brand?post=1895"},{"taxonomy":"product_cat","embeddable":true,"href":"https:\/\/www.chemicartf.pl\/index.php\/wp-json\/wp\/v2\/product_cat?post=1895"},{"taxonomy":"product_tag","embeddable":true,"href":"https:\/\/www.chemicartf.pl\/index.php\/wp-json\/wp\/v2\/product_tag?post=1895"}],"curies":[{"name":"wp","href":"https:\/\/api.w.org\/{rel}","templated":true}]}}