{"id":1902,"date":"2025-04-08T18:59:26","date_gmt":"2025-04-08T16:59:26","guid":{"rendered":"https:\/\/www.chemicartf.pl\/?post_type=product&#038;p=1902"},"modified":"2025-04-08T19:00:29","modified_gmt":"2025-04-08T17:00:29","slug":"citro-net","status":"publish","type":"product","link":"https:\/\/www.chemicartf.pl\/index.php\/product\/citro-net\/","title":{"rendered":"CITRO-NET"},"content":{"rendered":"","protected":false},"excerpt":{"rendered":"<p>NERTA CITRO-NET \u00a0to wysoce skoncentrowany p\u0142yn do r\u0119cznego mycia naczy\u0144 oraz maszyn w przemy\u015ble spo\u017cywczym, skutecznie odt\u0142uszcza, jest \u0142agodny dla d\u0142oni, pH-neutralne, zawiera ekstrakty z cytryny.<\/p>\n","protected":false},"featured_media":1907,"comment_status":"closed","ping_status":"closed","template":"","meta":[],"product_brand":[],"product_cat":[93,91],"product_tag":[],"class_list":{"0":"post-1902","1":"product","2":"type-product","3":"status-publish","4":"has-post-thumbnail","6":"product_cat-pianowanie-rolnictwo-i-przemysl-spozywczy","7":"product_cat-rolnictwo-i-przemysl-spozywczy","9":"first","10":"instock","11":"shipping-taxable","12":"purchasable","13":"product-type-variable"},"_links":{"self":[{"href":"https:\/\/www.chemicartf.pl\/index.php\/wp-json\/wp\/v2\/product\/1902","targetHints":{"allow":["GET"]}}],"collection":[{"href":"https:\/\/www.chemicartf.pl\/index.php\/wp-json\/wp\/v2\/product"}],"about":[{"href":"https:\/\/www.chemicartf.pl\/index.php\/wp-json\/wp\/v2\/types\/product"}],"replies":[{"embeddable":true,"href":"https:\/\/www.chemicartf.pl\/index.php\/wp-json\/wp\/v2\/comments?post=1902"}],"wp:featuredmedia":[{"embeddable":true,"href":"https:\/\/www.chemicartf.pl\/index.php\/wp-json\/wp\/v2\/media\/1907"}],"wp:attachment":[{"href":"https:\/\/www.chemicartf.pl\/index.php\/wp-json\/wp\/v2\/media?parent=1902"}],"wp:term":[{"taxonomy":"product_brand","embeddable":true,"href":"https:\/\/www.chemicartf.pl\/index.php\/wp-json\/wp\/v2\/product_brand?post=1902"},{"taxonomy":"product_cat","embeddable":true,"href":"https:\/\/www.chemicartf.pl\/index.php\/wp-json\/wp\/v2\/product_cat?post=1902"},{"taxonomy":"product_tag","embeddable":true,"href":"https:\/\/www.chemicartf.pl\/index.php\/wp-json\/wp\/v2\/product_tag?post=1902"}],"curies":[{"name":"wp","href":"https:\/\/api.w.org\/{rel}","templated":true}]}}